{"id":908,"date":"2021-12-30T23:27:37","date_gmt":"2021-12-30T22:27:37","guid":{"rendered":"https:\/\/villa-filakia.com\/toujours-utile\/"},"modified":"2022-01-04T17:16:36","modified_gmt":"2022-01-04T16:16:36","slug":"toujours-utile","status":"publish","type":"page","link":"https:\/\/villa-filakia.com\/fr\/toujours-utile\/","title":{"rendered":"Toujours utile"},"content":{"rendered":"<p>[et_pb_section fb_built=\u00a0\u00bb1&Prime; _builder_version=\u00a0\u00bb4.11.4&Prime; _module_preset=\u00a0\u00bbdefault\u00a0\u00bb width=\u00a0\u00bb98.2%\u00a0\u00bb global_colors_info=\u00a0\u00bb{}\u00a0\u00bb][et_pb_row column_structure=\u00a0\u00bb1_2,1_2&Prime; _builder_version=\u00a0\u00bb4.13.1&Prime; _module_preset=\u00a0\u00bbdefault\u00a0\u00bb custom_padding=\u00a0\u00bb||4px|||\u00a0\u00bb global_colors_info=\u00a0\u00bb{}\u00a0\u00bb][et_pb_column type=\u00a0\u00bb1_2&Prime; _builder_version=\u00a0\u00bb4.13.1&Prime; _module_preset=\u00a0\u00bbdefault\u00a0\u00bb global_colors_info=\u00a0\u00bb{}\u00a0\u00bb][et_pb_text _builder_version=\u00a0\u00bb4.13.1&Prime; _module_preset=\u00a0\u00bbdefault\u00a0\u00bb text_font=\u00a0\u00bb|300|||||||\u00a0\u00bb custom_margin=\u00a0\u00bb||36px|||\u00a0\u00bb global_colors_info=\u00a0\u00bb{}\u00a0\u00bb]<\/p>\n<h2 style=\"text-align: center;\">La VILLA FILAKIA est situ\u00e9e \u00e0 RATZAKLI<\/h2>\n<p>[\/et_pb_text][et_pb_text _builder_version=\u00a0\u00bb4.13.1&Prime; _module_preset=\u00a0\u00bbdefault\u00a0\u00bb text_font=\u00a0\u00bb|300|||||||\u00a0\u00bb custom_margin=\u00a0\u00bb||2px|||\u00a0\u00bb global_colors_info=\u00a0\u00bb{}\u00a0\u00bb]<\/p>\n<ul>\n<li>Invit\u00e9s: 8<\/li>\n<li>Surface: 165 m\u00b2. \/ 1750 ft\u00b2.<\/li>\n<li>Chambres: 4<\/li>\n<li>Salles de bain: 4<\/li>\n<\/ul>\n<p>[\/et_pb_text][et_pb_text _builder_version=\u00a0\u00bb4.13.1&Prime; _module_preset=\u00a0\u00bbdefault\u00a0\u00bb text_font=\u00a0\u00bb|300|||||||\u00a0\u00bb custom_margin=\u00a0\u00bb||13px|||\u00a0\u00bb global_colors_info=\u00a0\u00bb{}\u00a0\u00bb]<\/p>\n<h4 style=\"text-align: center;\">Changement de jour : Possible<\/h4>\n<p>[\/et_pb_text][et_pb_text _builder_version=\u00a0\u00bb4.13.1&Prime; _module_preset=\u00a0\u00bbdefault\u00a0\u00bb text_font=\u00a0\u00bb|300|||||||\u00a0\u00bb global_colors_info=\u00a0\u00bb{}\u00a0\u00bb]<\/p>\n<ul>\n<li>S\u00e9jour minimum : 5 jours<\/li>\n<li>Arriv\u00e9e : 3:30 PM<\/li>\n<li>D\u00e9part : 10:30 AM<\/li>\n<li>les prix varient de 200\u20ac\/nuit \u00e0 625\u20ac\/nuit selon la p\u00e9riode. Veuillez v\u00e9rifier les prix et la disponibilit\u00e9 aupr\u00e8s de nous.<\/li>\n<li>La villa a \u00e9t\u00e9 inspect\u00e9e par l&rsquo;Association grecque des licences de tourisme.<\/li>\n<\/ul>\n<p>[\/et_pb_text][\/et_pb_column][et_pb_column type=\u00a0\u00bb1_2&Prime; _builder_version=\u00a0\u00bb4.13.1&Prime; _module_preset=\u00a0\u00bbdefault\u00a0\u00bb global_colors_info=\u00a0\u00bb{}\u00a0\u00bb][et_pb_map _builder_version=\u00a0\u00bb4.13.1&Prime; _module_preset=\u00a0\u00bbdefault\u00a0\u00bb global_colors_info=\u00a0\u00bb{}\u00a0\u00bb][\/et_pb_map][\/et_pb_column][\/et_pb_row][et_pb_row column_structure=\u00a0\u00bb1_5,3_5,1_5&Prime; _builder_version=\u00a0\u00bb4.13.1&Prime; _module_preset=\u00a0\u00bbdefault\u00a0\u00bb custom_padding=\u00a0\u00bb15px||60px|||\u00a0\u00bb global_colors_info=\u00a0\u00bb{}\u00a0\u00bb][et_pb_column type=\u00a0\u00bb1_5&Prime; _builder_version=\u00a0\u00bb4.13.1&Prime; _module_preset=\u00a0\u00bbdefault\u00a0\u00bb global_colors_info=\u00a0\u00bb{}\u00a0\u00bb][\/et_pb_column][et_pb_column type=\u00a0\u00bb3_5&Prime; _builder_version=\u00a0\u00bb4.13.1&Prime; _module_preset=\u00a0\u00bbdefault\u00a0\u00bb global_colors_info=\u00a0\u00bb{}\u00a0\u00bb][et_pb_text _builder_version=\u00a0\u00bb4.13.1&Prime; _module_preset=\u00a0\u00bbdefault\u00a0\u00bb text_font=\u00a0\u00bb|300|||||||\u00a0\u00bb custom_padding=\u00a0\u00bb|||20px|false|false\u00a0\u00bb border_width_all=\u00a0\u00bb3px\u00a0\u00bb border_color_all=\u00a0\u00bbgcid-5769e6db-9a6e-4a1a-a854-d0763cf59a5e\u00a0\u00bb global_colors_info=\u00a0\u00bb{%22gcid-5769e6db-9a6e-4a1a-a854-d0763cf59a5e%22:%91%22border_color_all%22%93}\u00a0\u00bb]<\/p>\n<ul>\n<li>La maison n&rsquo;est pas adapt\u00e9e aux fauteuils roulants \u00e0 cause de la vol\u00e9e de marche.<\/li>\n<li>Il est interdit de fumer \u00e0 l&rsquo;int\u00e9rieur de la villa.<\/li>\n<li>Les animaux domestiques sont interdits.<\/li>\n<li>Une voiture est fortement recommand\u00e9e.<\/li>\n<li><span style=\"color: #ff0000;\">Les enfants ne doivent pas \u00eatre laiss\u00e9s sans surveillance sur le parking et autour de la piscine.<\/span><\/li>\n<li>2 places de parking<\/li>\n<\/ul>\n<p>[\/et_pb_text][\/et_pb_column][et_pb_column type=\u00a0\u00bb1_5&Prime; _builder_version=\u00a0\u00bb4.13.1&Prime; _module_preset=\u00a0\u00bbdefault\u00a0\u00bb global_colors_info=\u00a0\u00bb{}\u00a0\u00bb][\/et_pb_column][\/et_pb_row][et_pb_row column_structure=\u00a0\u00bb1_2,1_2&Prime; _builder_version=\u00a0\u00bb4.13.1&Prime; _module_preset=\u00a0\u00bbdefault\u00a0\u00bb width=\u00a0\u00bb79.8%\u00a0\u00bb custom_padding=\u00a0\u00bb0px||61px|||\u00a0\u00bb global_colors_info=\u00a0\u00bb{}\u00a0\u00bb][et_pb_column type=\u00a0\u00bb1_2&Prime; _builder_version=\u00a0\u00bb4.13.1&Prime; _module_preset=\u00a0\u00bbdefault\u00a0\u00bb global_colors_info=\u00a0\u00bb{}\u00a0\u00bb][et_pb_image src=\u00a0\u00bbhttps:\/\/villa-filakia.com\/wp-content\/uploads\/2021\/12\/da4286d8-3cf3-44d8-b57c-7b4517f0d897.jpg\u00a0\u00bb title_text=\u00a0\u00bbda4286d8-3cf3-44d8-b57c-7b4517f0d897&Prime; _builder_version=\u00a0\u00bb4.13.1&Prime; _module_preset=\u00a0\u00bbdefault\u00a0\u00bb global_colors_info=\u00a0\u00bb{}\u00a0\u00bb][\/et_pb_image][\/et_pb_column][et_pb_column type=\u00a0\u00bb1_2&Prime; _builder_version=\u00a0\u00bb4.13.1&Prime; _module_preset=\u00a0\u00bbdefault\u00a0\u00bb global_colors_info=\u00a0\u00bb{}\u00a0\u00bb][et_pb_text _builder_version=\u00a0\u00bb4.13.1&Prime; _module_preset=\u00a0\u00bbdefault\u00a0\u00bb text_font=\u00a0\u00bb|300|||||||\u00a0\u00bb header_text_align=\u00a0\u00bbleft\u00a0\u00bb custom_margin=\u00a0\u00bb||36px|||\u00a0\u00bb global_colors_info=\u00a0\u00bb{}\u00a0\u00bb]<\/p>\n<h2 style=\"text-align: left;\">Services sp\u00e9ciaux<\/h2>\n<p>[\/et_pb_text][et_pb_text _builder_version=\u00a0\u00bb4.13.1&Prime; _module_preset=\u00a0\u00bbdefault\u00a0\u00bb text_font=\u00a0\u00bbPoppins|300|||||||\u00a0\u00bb custom_padding=\u00a0\u00bb0px||0px|||\u00a0\u00bb global_colors_info=\u00a0\u00bb{}\u00a0\u00bb]<\/p>\n<ul>\n<li>lNettoyage de la maison et service de piscine deux fois par semaine. Les draps et les serviettes de toilette sont chang\u00e9s \u00e0 chaque fois.<\/li>\n<li>Acc\u00e8s internet gratuit Wi-Fi internet . Nos 2 boxes internet vous assurent un flux continu de qualit\u00e9 sans d\u00e9lai, ni interruption.<\/li>\n<li>Le linge de lit, les serviettes de toilette et les serviettes de piscine sont fournis.<\/li>\n<li>S\u00e8che-cheveux dans toutes les chambres<\/li>\n<li>Chef cuisinier sur demande<\/li>\n<li>Massage \u00e0 domicile sur demande<span style=\"color: #ff0000;\"><\/span><\/li>\n<\/ul>\n<p>&nbsp;<\/p>\n<p>[\/et_pb_text][\/et_pb_column][\/et_pb_row][et_pb_row column_structure=\u00a0\u00bb1_2,1_2&Prime; _builder_version=\u00a0\u00bb4.13.1&Prime; _module_preset=\u00a0\u00bbdefault\u00a0\u00bb width=\u00a0\u00bb79.8%\u00a0\u00bb custom_padding=\u00a0\u00bb0px||60px|||\u00a0\u00bb global_colors_info=\u00a0\u00bb{}\u00a0\u00bb][et_pb_column type=\u00a0\u00bb1_2&Prime; _builder_version=\u00a0\u00bb4.11.4&Prime; _module_preset=\u00a0\u00bbdefault\u00a0\u00bb global_colors_info=\u00a0\u00bb{}\u00a0\u00bb][et_pb_text _builder_version=\u00a0\u00bb4.13.1&Prime; _module_preset=\u00a0\u00bbdefault\u00a0\u00bb text_font=\u00a0\u00bb|300|||||||\u00a0\u00bb header_text_align=\u00a0\u00bbleft\u00a0\u00bb custom_margin=\u00a0\u00bb||36px|||\u00a0\u00bb global_colors_info=\u00a0\u00bb{}\u00a0\u00bb]<\/p>\n<h2 style=\"text-align: left;\">Pi\u00e8ces de vie<\/h2>\n<p>[\/et_pb_text][et_pb_text _builder_version=\u00a0\u00bb4.13.1&Prime; _module_preset=\u00a0\u00bbdefault\u00a0\u00bb text_font=\u00a0\u00bbPoppins|300|||||||\u00a0\u00bb global_colors_info=\u00a0\u00bb{}\u00a0\u00bb]<\/p>\n<ul>\n<li>T\u00e9l\u00e9vision par satellite \u00e0 \u00e9cran plat LCD 32\u2033.<\/li>\n<li>Syst\u00e8me de musique st\u00e9r\u00e9o C.D.<\/li>\n<li>Lecteur DVD<\/li>\n<li>Villa enti\u00e8rement climatis\u00e9e<\/li>\n<li>Toilettes d&rsquo;invit\u00e9s et buanderie(rez-de-chauss\u00e9e)<\/li>\n<\/ul>\n<p>[\/et_pb_text][\/et_pb_column][et_pb_column type=\u00a0\u00bb1_2&Prime; _builder_version=\u00a0\u00bb4.11.4&Prime; _module_preset=\u00a0\u00bbdefault\u00a0\u00bb global_colors_info=\u00a0\u00bb{}\u00a0\u00bb][et_pb_image src=\u00a0\u00bbhttps:\/\/villa-filakia.com\/wp-content\/uploads\/2021\/12\/20210923-20210923-PAN03670-3-scaled.jpg\u00a0\u00bb title_text=\u00a0\u00bbPlacard de rangement avec machine \u00e0 laver\u00a0\u00bb show_in_lightbox=\u00a0\u00bbon\u00a0\u00bb _builder_version=\u00a0\u00bb4.13.1&Prime; _module_preset=\u00a0\u00bbdefault\u00a0\u00bb global_colors_info=\u00a0\u00bb{}\u00a0\u00bb][\/et_pb_image][\/et_pb_column][\/et_pb_row][et_pb_row column_structure=\u00a0\u00bb1_2,1_2&Prime; _builder_version=\u00a0\u00bb4.13.1&Prime; _module_preset=\u00a0\u00bbdefault\u00a0\u00bb width=\u00a0\u00bb79.8%\u00a0\u00bb custom_padding=\u00a0\u00bb60px||60px||true|\u00a0\u00bb global_colors_info=\u00a0\u00bb{}\u00a0\u00bb][et_pb_column type=\u00a0\u00bb1_2&Prime; _builder_version=\u00a0\u00bb4.11.4&Prime; _module_preset=\u00a0\u00bbdefault\u00a0\u00bb global_colors_info=\u00a0\u00bb{}\u00a0\u00bb][et_pb_image src=\u00a0\u00bbhttps:\/\/villa-filakia.com\/wp-content\/uploads\/2021\/12\/PAN03649-1-scaled.jpg\u00a0\u00bb title_text=\u00a0\u00bbPAN03649&Prime; _builder_version=\u00a0\u00bb4.13.1&Prime; _module_preset=\u00a0\u00bbdefault\u00a0\u00bb global_colors_info=\u00a0\u00bb{}\u00a0\u00bb][\/et_pb_image][\/et_pb_column][et_pb_column type=\u00a0\u00bb1_2&Prime; _builder_version=\u00a0\u00bb4.13.1&Prime; _module_preset=\u00a0\u00bbdefault\u00a0\u00bb global_colors_info=\u00a0\u00bb{}\u00a0\u00bb][et_pb_text _builder_version=\u00a0\u00bb4.13.1&Prime; _module_preset=\u00a0\u00bbdefault\u00a0\u00bb text_font=\u00a0\u00bb|300|||||||\u00a0\u00bb header_text_align=\u00a0\u00bbleft\u00a0\u00bb custom_margin=\u00a0\u00bb||36px|||\u00a0\u00bb global_colors_info=\u00a0\u00bb{}\u00a0\u00bb]<\/p>\n<h2 style=\"text-align: left;\">Cuisine<\/h2>\n<p>[\/et_pb_text][et_pb_text _builder_version=\u00a0\u00bb4.13.1&Prime; _module_preset=\u00a0\u00bbdefault\u00a0\u00bb text_font=\u00a0\u00bbPoppins|300|||||||\u00a0\u00bb global_colors_info=\u00a0\u00bb{}\u00a0\u00bb]<\/p>\n<p>Cuisine enti\u00e8rement \u00e9quip\u00e9e comprenant<\/p>\n<ul>\n<li>Lave-vaisselle<\/li>\n<li>Micro-ondes<\/li>\n<li>Double r\u00e9frig\u00e9rateur\/cong\u00e9lateur avec machine \u00e0 gla\u00e7ons<\/li>\n<li>Lave-vaisselle<\/li>\n<li>Machine \u00e0 caf\u00e9 Nespresso,<\/li>\n<li>Machines \u00e0 croque monsieur<\/li>\n<li>Presse-agrumes \u00e9lectrique<\/li>\n<\/ul>\n<p>[\/et_pb_text][\/et_pb_column][\/et_pb_row][et_pb_row column_structure=\u00a0\u00bb1_2,1_2&Prime; _builder_version=\u00a0\u00bb4.13.1&Prime; _module_preset=\u00a0\u00bbdefault\u00a0\u00bb width=\u00a0\u00bb79.8%\u00a0\u00bb custom_margin=\u00a0\u00bb|auto|60px|auto||\u00a0\u00bb custom_padding=\u00a0\u00bb0px||61px|||\u00a0\u00bb global_colors_info=\u00a0\u00bb{}\u00a0\u00bb][et_pb_column type=\u00a0\u00bb1_2&Prime; _builder_version=\u00a0\u00bb4.13.1&Prime; _module_preset=\u00a0\u00bbdefault\u00a0\u00bb global_colors_info=\u00a0\u00bb{}\u00a0\u00bb][et_pb_text _builder_version=\u00a0\u00bb4.13.1&Prime; _module_preset=\u00a0\u00bbdefault\u00a0\u00bb text_font=\u00a0\u00bb|300|||||||\u00a0\u00bb header_text_align=\u00a0\u00bbleft\u00a0\u00bb custom_margin=\u00a0\u00bb||36px|||\u00a0\u00bb global_colors_info=\u00a0\u00bb{}\u00a0\u00bb]<\/p>\n<h2 style=\"text-align: left;\">Ext\u00e9rieur<\/h2>\n<p>[\/et_pb_text][et_pb_text _builder_version=\u00a0\u00bb4.13.1&Prime; _module_preset=\u00a0\u00bbdefault\u00a0\u00bb text_font=\u00a0\u00bbPoppins|300|||||||\u00a0\u00bb custom_padding=\u00a0\u00bb0px|||||\u00a0\u00bb global_colors_info=\u00a0\u00bb{}\u00a0\u00bb]<\/p>\n<ul>\n<li>Grandes terrasses ombrag\u00e9es et meubl\u00e9es avec canap\u00e9s et fauteuils.<\/li>\n<li>Deux salles \u00e0 manger \u00ab\u00a0Al fresco\u00a0\u00bb<\/li>\n<li>Espace barbecue sp\u00e9cialement con\u00e7u <\/li>\n<li>Plancha<\/li>\n<li>Evier et r\u00e9frig\u00e9rateur ext\u00e9rieur<\/li>\n<\/ul>\n<p>&nbsp;<\/p>\n<p>[\/et_pb_text][\/et_pb_column][et_pb_column type=\u00a0\u00bb1_2&Prime; _builder_version=\u00a0\u00bb4.11.4&Prime; _module_preset=\u00a0\u00bbdefault\u00a0\u00bb global_colors_info=\u00a0\u00bb{}\u00a0\u00bb][et_pb_image src=\u00a0\u00bbhttps:\/\/villa-filakia.com\/wp-content\/uploads\/2021\/12\/25ef2523-22ff-4018-b383-df2eea2357e9.jpg\u00a0\u00bb title_text=\u00a0\u00bb25ef2523-22ff-4018-b383-df2eea2357e9&Prime; _builder_version=\u00a0\u00bb4.13.1&Prime; _module_preset=\u00a0\u00bbdefault\u00a0\u00bb global_colors_info=\u00a0\u00bb{}\u00a0\u00bb][\/et_pb_image][\/et_pb_column][\/et_pb_row][et_pb_row column_structure=\u00a0\u00bb1_2,1_2&Prime; _builder_version=\u00a0\u00bb4.13.1&Prime; _module_preset=\u00a0\u00bbdefault\u00a0\u00bb width=\u00a0\u00bb79.8%\u00a0\u00bb custom_padding=\u00a0\u00bb0px||61px|||\u00a0\u00bb global_colors_info=\u00a0\u00bb{}\u00a0\u00bb][et_pb_column type=\u00a0\u00bb1_2&Prime; _builder_version=\u00a0\u00bb4.13.1&Prime; _module_preset=\u00a0\u00bbdefault\u00a0\u00bb global_colors_info=\u00a0\u00bb{}\u00a0\u00bb][et_pb_image src=\u00a0\u00bbhttps:\/\/villa-filakia.com\/wp-content\/uploads\/2021\/12\/DJI_0095-1.jpg\u00a0\u00bb title_text=\u00a0\u00bbDJI_0095&Prime; _builder_version=\u00a0\u00bb4.13.1&Prime; _module_preset=\u00a0\u00bbdefault\u00a0\u00bb global_colors_info=\u00a0\u00bb{}\u00a0\u00bb][\/et_pb_image][\/et_pb_column][et_pb_column type=\u00a0\u00bb1_2&Prime; _builder_version=\u00a0\u00bb4.13.1&Prime; _module_preset=\u00a0\u00bbdefault\u00a0\u00bb global_colors_info=\u00a0\u00bb{}\u00a0\u00bb][et_pb_text _builder_version=\u00a0\u00bb4.13.1&Prime; _module_preset=\u00a0\u00bbdefault\u00a0\u00bb text_font=\u00a0\u00bb|300|||||||\u00a0\u00bb header_text_align=\u00a0\u00bbleft\u00a0\u00bb custom_margin=\u00a0\u00bb||36px|||\u00a0\u00bb global_colors_info=\u00a0\u00bb{}\u00a0\u00bb]<\/p>\n<h2 style=\"text-align: left;\">Piscine<\/h2>\n<p>[\/et_pb_text][et_pb_text _builder_version=\u00a0\u00bb4.13.1&Prime; _module_preset=\u00a0\u00bbdefault\u00a0\u00bb text_font=\u00a0\u00bbPoppins|300|||||||\u00a0\u00bb custom_padding=\u00a0\u00bb0px||0px|||\u00a0\u00bb global_colors_info=\u00a0\u00bb{}\u00a0\u00bb]<\/p>\n<ul>\n<li>Piscine priv\u00e9e \u00e0 d\u00e9bordement<\/li>\n<li>Jets hydro-massage<\/li>\n<li>Dimesions: 10m x 4m large, 0.5m &#8211; 1.9m profondeur<\/li>\n<li><span style=\"color: #ff0000;\">Les ennfants ne doivent pas \u00eatre laiss\u00e9s sas surveillance autour de la piscine<\/span><\/li>\n<li>Chaises longues et parasols en quantit\u00e9 suffisante<br \/><span style=\"color: #ff0000;\"><\/span><\/li>\n<\/ul>\n<p>&nbsp;<\/p>\n<p>[\/et_pb_text][\/et_pb_column][\/et_pb_row][et_pb_row column_structure=\u00a0\u00bb1_2,1_2&Prime; _builder_version=\u00a0\u00bb4.13.1&Prime; _module_preset=\u00a0\u00bbdefault\u00a0\u00bb width=\u00a0\u00bb79.8%\u00a0\u00bb custom_margin=\u00a0\u00bb|auto|60px|auto||\u00a0\u00bb custom_padding=\u00a0\u00bb0px||61px|||\u00a0\u00bb global_colors_info=\u00a0\u00bb{}\u00a0\u00bb][et_pb_column type=\u00a0\u00bb1_2&Prime; _builder_version=\u00a0\u00bb4.13.1&Prime; _module_preset=\u00a0\u00bbdefault\u00a0\u00bb global_colors_info=\u00a0\u00bb{}\u00a0\u00bb][et_pb_text _builder_version=\u00a0\u00bb4.13.1&Prime; _module_preset=\u00a0\u00bbdefault\u00a0\u00bb text_font=\u00a0\u00bb|300|||||||\u00a0\u00bb header_text_align=\u00a0\u00bbleft\u00a0\u00bb custom_margin=\u00a0\u00bb||36px|||\u00a0\u00bb global_colors_info=\u00a0\u00bb{}\u00a0\u00bb]<\/p>\n<h2 style=\"text-align: left;\">Jardin<\/h2>\n<p>[\/et_pb_text][et_pb_text _builder_version=\u00a0\u00bb4.13.1&Prime; _module_preset=\u00a0\u00bbdefault\u00a0\u00bb text_font=\u00a0\u00bbPoppins|300|||||||\u00a0\u00bb custom_padding=\u00a0\u00bb0px|||||\u00a0\u00bb global_colors_info=\u00a0\u00bb{}\u00a0\u00bb]<\/p>\n<ul>\n<li>Jardin paysager<\/li>\n<li>5000m2 de jardin aux essences m\u00e9diterran\u00e9ennes (cypr\u00e8s, laurier, lavande, jasmin, romarin, citronnier, amandier, oranger, figuier)<\/li>\n<\/ul>\n<p>&nbsp;<\/p>\n<p>[\/et_pb_text][\/et_pb_column][et_pb_column type=\u00a0\u00bb1_2&Prime; _builder_version=\u00a0\u00bb4.11.4&Prime; _module_preset=\u00a0\u00bbdefault\u00a0\u00bb global_colors_info=\u00a0\u00bb{}\u00a0\u00bb][et_pb_image src=\u00a0\u00bbhttps:\/\/villa-filakia.com\/wp-content\/uploads\/2021\/12\/PAN04534-scaled.jpg\u00a0\u00bb title_text=\u00a0\u00bbPAN04534&Prime; _builder_version=\u00a0\u00bb4.13.1&Prime; _module_preset=\u00a0\u00bbdefault\u00a0\u00bb global_colors_info=\u00a0\u00bb{}\u00a0\u00bb][\/et_pb_image][\/et_pb_column][\/et_pb_row][\/et_pb_section]<\/p>\n","protected":false},"excerpt":{"rendered":"<p>La VILLA FILAKIA est situ\u00e9e \u00e0 RATZAKLI Invit\u00e9s: 8 Surface: 165 m\u00b2. \/ 1750 ft\u00b2. Chambres: 4 Salles de bain: 4 Changement de jour : Possible S\u00e9jour minimum : 5 jours Arriv\u00e9e : 3:30 PM D\u00e9part : 10:30 AM les prix varient de 200\u20ac\/nuit \u00e0 625\u20ac\/nuit selon la p\u00e9riode. Veuillez v\u00e9rifier les prix et la [&hellip;]<\/p>\n","protected":false},"author":1,"featured_media":0,"parent":0,"menu_order":0,"comment_status":"closed","ping_status":"closed","template":"","meta":{"_et_pb_use_builder":"on","_et_pb_old_content":"","_et_gb_content_width":"","_monsterinsights_skip_tracking":false,"_monsterinsights_sitenote_active":false,"_monsterinsights_sitenote_note":"","_monsterinsights_sitenote_category":0,"footnotes":""},"class_list":["post-908","page","type-page","status-publish","hentry"],"yoast_head":"<!-- This site is optimized with the Yoast SEO plugin v26.8 - https:\/\/yoast.com\/product\/yoast-seo-wordpress\/ -->\n<title>Toujours utile - Villa Filakia<\/title>\n<meta name=\"robots\" content=\"index, follow, max-snippet:-1, max-image-preview:large, max-video-preview:-1\" \/>\n<link rel=\"canonical\" href=\"https:\/\/villa-filakia.com\/fr\/toujours-utile\/\" \/>\n<meta property=\"og:locale\" content=\"fr_FR\" \/>\n<meta property=\"og:type\" content=\"article\" \/>\n<meta property=\"og:title\" content=\"Toujours utile - Villa Filakia\" \/>\n<meta property=\"og:description\" content=\"La VILLA FILAKIA est situ\u00e9e \u00e0 RATZAKLI Invit\u00e9s: 8 Surface: 165 m\u00b2. \/ 1750 ft\u00b2. Chambres: 4 Salles de bain: 4 Changement de jour : Possible S\u00e9jour minimum : 5 jours Arriv\u00e9e : 3:30 PM D\u00e9part : 10:30 AM les prix varient de 200\u20ac\/nuit \u00e0 625\u20ac\/nuit selon la p\u00e9riode. Veuillez v\u00e9rifier les prix et la [&hellip;]\" \/>\n<meta property=\"og:url\" content=\"https:\/\/villa-filakia.com\/fr\/toujours-utile\/\" \/>\n<meta property=\"og:site_name\" content=\"Villa Filakia\" \/>\n<meta property=\"article:modified_time\" content=\"2022-01-04T16:16:36+00:00\" \/>\n<meta name=\"twitter:card\" content=\"summary_large_image\" \/>\n<meta name=\"twitter:label1\" content=\"Dur\u00e9e de lecture estim\u00e9e\" \/>\n\t<meta name=\"twitter:data1\" content=\"7 minutes\" \/>\n<script type=\"application\/ld+json\" class=\"yoast-schema-graph\">{\"@context\":\"https:\/\/schema.org\",\"@graph\":[{\"@type\":\"WebPage\",\"@id\":\"https:\/\/villa-filakia.com\/fr\/toujours-utile\/\",\"url\":\"https:\/\/villa-filakia.com\/fr\/toujours-utile\/\",\"name\":\"Toujours utile - Villa Filakia\",\"isPartOf\":{\"@id\":\"https:\/\/villa-filakia.com\/fr\/#website\"},\"datePublished\":\"2021-12-30T22:27:37+00:00\",\"dateModified\":\"2022-01-04T16:16:36+00:00\",\"breadcrumb\":{\"@id\":\"https:\/\/villa-filakia.com\/fr\/toujours-utile\/#breadcrumb\"},\"inLanguage\":\"fr-FR\",\"potentialAction\":[{\"@type\":\"ReadAction\",\"target\":[\"https:\/\/villa-filakia.com\/fr\/toujours-utile\/\"]}]},{\"@type\":\"BreadcrumbList\",\"@id\":\"https:\/\/villa-filakia.com\/fr\/toujours-utile\/#breadcrumb\",\"itemListElement\":[{\"@type\":\"ListItem\",\"position\":1,\"name\":\"Accueil\",\"item\":\"https:\/\/villa-filakia.com\/fr\/\"},{\"@type\":\"ListItem\",\"position\":2,\"name\":\"Toujours utile\"}]},{\"@type\":\"WebSite\",\"@id\":\"https:\/\/villa-filakia.com\/fr\/#website\",\"url\":\"https:\/\/villa-filakia.com\/fr\/\",\"name\":\"Villa Filakia\",\"description\":\"Villa Filakia, to rent in Kefalonia\",\"potentialAction\":[{\"@type\":\"SearchAction\",\"target\":{\"@type\":\"EntryPoint\",\"urlTemplate\":\"https:\/\/villa-filakia.com\/fr\/?s={search_term_string}\"},\"query-input\":{\"@type\":\"PropertyValueSpecification\",\"valueRequired\":true,\"valueName\":\"search_term_string\"}}],\"inLanguage\":\"fr-FR\"}]}<\/script>\n<!-- \/ Yoast SEO plugin. -->","yoast_head_json":{"title":"Toujours utile - Villa Filakia","robots":{"index":"index","follow":"follow","max-snippet":"max-snippet:-1","max-image-preview":"max-image-preview:large","max-video-preview":"max-video-preview:-1"},"canonical":"https:\/\/villa-filakia.com\/fr\/toujours-utile\/","og_locale":"fr_FR","og_type":"article","og_title":"Toujours utile - Villa Filakia","og_description":"La VILLA FILAKIA est situ\u00e9e \u00e0 RATZAKLI Invit\u00e9s: 8 Surface: 165 m\u00b2. \/ 1750 ft\u00b2. Chambres: 4 Salles de bain: 4 Changement de jour : Possible S\u00e9jour minimum : 5 jours Arriv\u00e9e : 3:30 PM D\u00e9part : 10:30 AM les prix varient de 200\u20ac\/nuit \u00e0 625\u20ac\/nuit selon la p\u00e9riode. Veuillez v\u00e9rifier les prix et la [&hellip;]","og_url":"https:\/\/villa-filakia.com\/fr\/toujours-utile\/","og_site_name":"Villa Filakia","article_modified_time":"2022-01-04T16:16:36+00:00","twitter_card":"summary_large_image","twitter_misc":{"Dur\u00e9e de lecture estim\u00e9e":"7 minutes"},"schema":{"@context":"https:\/\/schema.org","@graph":[{"@type":"WebPage","@id":"https:\/\/villa-filakia.com\/fr\/toujours-utile\/","url":"https:\/\/villa-filakia.com\/fr\/toujours-utile\/","name":"Toujours utile - Villa Filakia","isPartOf":{"@id":"https:\/\/villa-filakia.com\/fr\/#website"},"datePublished":"2021-12-30T22:27:37+00:00","dateModified":"2022-01-04T16:16:36+00:00","breadcrumb":{"@id":"https:\/\/villa-filakia.com\/fr\/toujours-utile\/#breadcrumb"},"inLanguage":"fr-FR","potentialAction":[{"@type":"ReadAction","target":["https:\/\/villa-filakia.com\/fr\/toujours-utile\/"]}]},{"@type":"BreadcrumbList","@id":"https:\/\/villa-filakia.com\/fr\/toujours-utile\/#breadcrumb","itemListElement":[{"@type":"ListItem","position":1,"name":"Accueil","item":"https:\/\/villa-filakia.com\/fr\/"},{"@type":"ListItem","position":2,"name":"Toujours utile"}]},{"@type":"WebSite","@id":"https:\/\/villa-filakia.com\/fr\/#website","url":"https:\/\/villa-filakia.com\/fr\/","name":"Villa Filakia","description":"Villa Filakia, to rent in Kefalonia","potentialAction":[{"@type":"SearchAction","target":{"@type":"EntryPoint","urlTemplate":"https:\/\/villa-filakia.com\/fr\/?s={search_term_string}"},"query-input":{"@type":"PropertyValueSpecification","valueRequired":true,"valueName":"search_term_string"}}],"inLanguage":"fr-FR"}]}},"jetpack_sharing_enabled":true,"_links":{"self":[{"href":"https:\/\/villa-filakia.com\/fr\/wp-json\/wp\/v2\/pages\/908","targetHints":{"allow":["GET"]}}],"collection":[{"href":"https:\/\/villa-filakia.com\/fr\/wp-json\/wp\/v2\/pages"}],"about":[{"href":"https:\/\/villa-filakia.com\/fr\/wp-json\/wp\/v2\/types\/page"}],"author":[{"embeddable":true,"href":"https:\/\/villa-filakia.com\/fr\/wp-json\/wp\/v2\/users\/1"}],"replies":[{"embeddable":true,"href":"https:\/\/villa-filakia.com\/fr\/wp-json\/wp\/v2\/comments?post=908"}],"version-history":[{"count":19,"href":"https:\/\/villa-filakia.com\/fr\/wp-json\/wp\/v2\/pages\/908\/revisions"}],"predecessor-version":[{"id":1217,"href":"https:\/\/villa-filakia.com\/fr\/wp-json\/wp\/v2\/pages\/908\/revisions\/1217"}],"wp:attachment":[{"href":"https:\/\/villa-filakia.com\/fr\/wp-json\/wp\/v2\/media?parent=908"}],"curies":[{"name":"wp","href":"https:\/\/api.w.org\/{rel}","templated":true}]}}