{"id":930,"date":"2021-12-31T00:30:25","date_gmt":"2021-12-30T23:30:25","guid":{"rendered":"https:\/\/villa-filakia.com\/politique-de-confidentialite\/"},"modified":"2021-12-31T00:36:02","modified_gmt":"2021-12-30T23:36:02","slug":"politique-de-confidentialite","status":"publish","type":"page","link":"https:\/\/villa-filakia.com\/fr\/politique-de-confidentialite\/","title":{"rendered":"Politique de confidentialit\u00e9"},"content":{"rendered":"<p>[et_pb_section fb_built=\u00a0\u00bb1&Prime; _builder_version=\u00a0\u00bb4.13.1&Prime; _module_preset=\u00a0\u00bbdefault\u00a0\u00bb global_colors_info=\u00a0\u00bb{}\u00a0\u00bb][et_pb_row _builder_version=\u00a0\u00bb4.13.1&Prime; _module_preset=\u00a0\u00bbdefault\u00a0\u00bb global_colors_info=\u00a0\u00bb{}\u00a0\u00bb][et_pb_column type=\u00a0\u00bb4_4&Prime; _builder_version=\u00a0\u00bb4.13.1&Prime; _module_preset=\u00a0\u00bbdefault\u00a0\u00bb global_colors_info=\u00a0\u00bb{}\u00a0\u00bb][et_pb_text _builder_version=\u00a0\u00bb4.13.1&Prime; _module_preset=\u00a0\u00bbdefault\u00a0\u00bb header_font=\u00a0\u00bb|||on|||||\u00a0\u00bb hover_enabled=\u00a0\u00bb0&Prime; global_colors_info=\u00a0\u00bb{}\u00a0\u00bb sticky_enabled=\u00a0\u00bb0&Prime;]<\/p>\n<h1>Politique de confidentialit\u00e9<\/h1>\n<p>[\/et_pb_text][et_pb_text _builder_version=\u00a0\u00bb4.13.1&Prime; _module_preset=\u00a0\u00bbdefault\u00a0\u00bb hover_enabled=\u00a0\u00bb0&Prime; global_colors_info=\u00a0\u00bb{}\u00a0\u00bb sticky_enabled=\u00a0\u00bb0&Prime; text_font=\u00a0\u00bb|300|||||||\u00a0\u00bb]<\/p>\n<p>Dans le cadre de son activit\u00e9, Villa Filakia est amen\u00e9e \u00e0 collecter (apr\u00e8s consentement) et \u00e0 traiter des informations dont certaines sont qualifi\u00e9es de \u00ab\u00a0donn\u00e9es personnelles\u00a0\u00bb. Villa Filakia s\u2019engage \u00e0 ce que les traitements de donn\u00e9es personnelles soient conformes au R\u00e8glement G\u00e9n\u00e9ral sur la Protection des Donn\u00e9es (RGPD) et \u00e0 la loi Informatique et Libert\u00e9s. Villa Filakia attache une grande importance au respect de la vie priv\u00e9e, et utilise les donn\u00e9es de mani\u00e8re responsable, confidentielle et dans une finalit\u00e9 pr\u00e9cise.<\/p>\n<h4>DONNEES PERSONNELLES<\/h4>\n<p>Villa Filakia limite la collecte des donn\u00e9es personnelles au strict n\u00e9cessaire. Toutes les donn\u00e9es sont utilis\u00e9es par Vlla Filakia et ne seront jamais c\u00e9d\u00e9es \u00e0 un tiers ni utilis\u00e9es \u00e0 d\u2019autres fins que celles d\u00e9taill\u00e9es ci-dessous.<br \/>2 types de donn\u00e9es sont susceptibles d\u2019\u00eatre recueillies :<\/p>\n<p>&#8211; <strong>Les donn\u00e9es transmises directement <\/strong><br \/>Ces donn\u00e9es sont celles que vous nous transmettez directement, via le formulaire de contact. Les champs \u00ab nom \u00bb, \u00ab pr\u00e9nom \u00bb et \u00ab email \u00bb sont obligatoires dans le formulaire de contact .<br \/>Les donn\u00e9es que vous nous transmettez directement sont utilis\u00e9es dans le but de vous recontacter. Ces donn\u00e9es seront sauvegard\u00e9es durant une dur\u00e9e maximale de 2 ans.<\/p>\n<p><strong>Les donn\u00e9es collect\u00e9es automatiquement<\/strong><br \/>Lors de vos visites, une fois votre consentement donn\u00e9, nous pouvons recueillir des informations de type \u00ab web analytics \u00bb relatives \u00e0 votre navigation, la dur\u00e9e de votre consultation, votre adresse IP, votre type et version de navigateur. La technologie utilis\u00e9e est le cookie.<br \/>Les donn\u00e9es \u00ab web analytics \u00bb sont collect\u00e9es de forme anonyme (en enregistrant des adresses IP anonymes) par Google Analytics, et nous permettent de mesurer l&rsquo;audience de notre site web, les consultations et les \u00e9ventuelles erreurs afin d\u2019am\u00e9liorer constamment l\u2019exp\u00e9rience des utilisateurs.<\/p>\n<h4>COOKIES<\/h4>\n<p>Nous utilisons diff\u00e9rents cookies pour am\u00e9liorer l\u2019interactivit\u00e9 du site.<br \/>2 types de cookies sont plac\u00e9s sur le site Villa Filakia:<\/p>\n<p><strong>&#8211; Les cookies internes n\u00e9cessaires au site pour fonctionner<\/strong><br \/>Ces cookies permettent au site de fonctionner de mani\u00e8re optimale. Vous pouvez vous y opposer et les supprimer en utilisant les param\u00e8tres de votre navigateur, cependant votre exp\u00e9rience utilisateur risque d\u2019\u00eatre d\u00e9grad\u00e9e.<\/p>\n<p>&#8211;<strong>Les cookies tiers destin\u00e9s \u00e0 am\u00e9liorer l\u2019interactivit\u00e9 du site<\/strong><\/p>\n<table>\n<tbody>\n<tr>\n<td width=\"163\"><strong>Nom du cookie<\/strong><\/td>\n<td width=\"469\"><strong>Finalit\u00e9<\/strong><\/td>\n<td width=\"143\"><strong>Dur\u00e9e de conservation<\/strong><\/td>\n<\/tr>\n<tr>\n<td width=\"163\"><strong><span>cookielawinfo-checkbox-non-necessary<\/span><\/strong><\/td>\n<td width=\"469\">Consentement pour l&rsquo;installation des cookies non indispensable \u00e0 la navigation<\/td>\n<td width=\"143\"><strong> 1 an<\/strong><\/td>\n<\/tr>\n<tr>\n<td width=\"163\"><strong> <span>cookielawinfo-checkbox-necessary<\/span><\/strong><\/td>\n<td width=\"469\">Consentement pour l&rsquo;installation des cookies n\u00e9cessaires \u00e0 la navigation<\/td>\n<td width=\"143\"><strong> 1 an<\/strong><\/td>\n<\/tr>\n<tr>\n<td width=\"163\"><strong> _gid<\/strong><\/td>\n<td width=\"469\">Cookie de tracking de navigation Google analytics<\/td>\n<td width=\"143\"><strong> 1 jour<\/strong><\/td>\n<\/tr>\n<tr>\n<td width=\"163\"><span style=\"color: #666666;\"><strong> <a class=\"row-title\" href=\"https:\/\/www.cristalsarl.fr\/wp-admin\/post.php?post=2263&amp;action=edit\" aria-label=\"\u00ab cookielawinfo-checkbox-functional \u00bb (Modifier)\" style=\"color: #666666;\">cookielawinfo-checkbox-functional<\/a><\/strong><\/span><\/td>\n<td width=\"469\">Consentement pour l&rsquo;installation des cookies n\u00e9cessaires \u00e0 la navigation<\/td>\n<td width=\"143\"><strong> 1 an<\/strong><\/td>\n<\/tr>\n<tr>\n<td><span style=\"color: #666666;\"><strong> <a class=\"row-title\" href=\"https:\/\/www.cristalsarl.fr\/wp-admin\/post.php?post=2264&amp;action=edit\" aria-label=\"\u00ab cookielawinfo-checkbox-others \u00bb (Modifier)\" style=\"color: #666666;\">cookielawinfo-checkbox-others<\/a><\/strong><\/span><\/td>\n<td>Consentement pour l&rsquo;installation de cookies de la cat\u00e9gorie autre<\/td>\n<td><strong> 1 an<\/strong><\/td>\n<\/tr>\n<tr>\n<td><span style=\"color: #666666;\"><strong> _gat_gtag_UA_188583144_1<\/strong><\/span><\/td>\n<td>Cookie de tracking statistique Google analytics<\/td>\n<td><strong> 1 minute<\/strong><\/td>\n<\/tr>\n<tr>\n<td><span style=\"color: #666666;\"><strong> <a class=\"row-title\" href=\"https:\/\/www.cristalsarl.fr\/wp-admin\/post.php?post=2268&amp;action=edit\" aria-label=\"\u00ab cookielawinfo-checkbox-performance \u00bb (Modifier)\" style=\"color: #666666;\">cookielawinfo-checkbox-performance<\/a><\/strong><\/span><\/td>\n<td><span>Consentement de l&rsquo;utilisateur pour les cookies de la cat\u00e9gorie \u00ab\u00a0Performance\u00a0\u00bb.<\/span><\/td>\n<td><strong> 1 an<\/strong><\/td>\n<\/tr>\n<tr>\n<td><span style=\"color: #666666;\"><strong> <a class=\"row-title\" href=\"https:\/\/www.cristalsarl.fr\/wp-admin\/post.php?post=2269&amp;action=edit\" aria-label=\"\u00ab cookielawinfo-checkbox-analytics \u00bb (Modifier)\" style=\"color: #666666;\">cookielawinfo-checkbox-analytics<\/a><\/strong><\/span><\/td>\n<td><span>Consentement de l&rsquo;utilisateur pour les cookies de la cat\u00e9gorie \u00ab\u00a0Analytics\u00a0\u00bb.<\/span><\/td>\n<td><strong> 1 an<\/strong><\/td>\n<\/tr>\n<tr>\n<td><span style=\"color: #666666;\"><strong> <a class=\"row-title\" href=\"https:\/\/www.cristalsarl.fr\/wp-admin\/post.php?post=2270&amp;action=edit\" aria-label=\"\u00ab cookielawinfo-checkbox-advertisement \u00bb (Modifier)\" style=\"color: #666666;\">cookielawinfo-checkbox-advertisement<\/a><\/strong><\/span><\/td>\n<td><span>Consentement de l&rsquo;utilisateur pour les cookies de la cat\u00e9gorie \u00ab\u00a0Publicit\u00e9\u00a0\u00bb.<\/span><\/td>\n<td><strong> 1 an<\/strong><\/td>\n<\/tr>\n<tr>\n<td><span style=\"color: #666666;\"><strong> <a class=\"row-title\" href=\"https:\/\/www.cristalsarl.fr\/wp-admin\/post.php?post=2271&amp;action=edit\" aria-label=\"\u00ab _ga \u00bb (Modifier)\" style=\"color: #666666;\">_ga<\/a><\/strong><\/span><\/td>\n<td>Cookie de tracking de navigation Google analytics<\/td>\n<td><strong> 2 ans<\/strong><\/td>\n<\/tr>\n<\/tbody>\n<\/table>\n<h4><\/h4>\n<h4><\/h4>\n<h4>VOS DROITS RELATIFS AUX DONNEES PERSONNELLES<\/h4>\n<p>Vous avez le droit de consultation, de demande de modification ou d\u2019effacement sur l\u2019ensemble de vos donn\u00e9es personnelles. Vous pouvez \u00e9galement retirer votre consentement au traitement de vos donn\u00e9es.<\/p>\n<h4>CONTACTER LE DELEGUE A LA PROTECTION DES DONNEES<\/h4>\n<p>Si vous souhaitez savoir comment Villa Filakia utilise vos Donn\u00e9es Personnelles, demander \u00e0 les rectifier ou si vous vous opposez \u00e0 leur traitement, vous pouvez contacter le d\u00e9l\u00e9gu\u00e9 \u00e0 la protection des donn\u00e9es (DPO)<br \/>E-mail: contact@villa-filakia.com<br \/>Vous pouvez adresser une r\u00e9clamation aupr\u00e8s des autorit\u00e9s de contr\u00f4le, et notamment de la CNIL.<\/p>\n<p>&nbsp;<\/p>\n<p>[\/et_pb_text][\/et_pb_column][\/et_pb_row][\/et_pb_section]<\/p>\n","protected":false},"excerpt":{"rendered":"<p>Politique de confidentialit\u00e9Dans le cadre de son activit\u00e9, Villa Filakia est amen\u00e9e \u00e0 collecter (apr\u00e8s consentement) et \u00e0 traiter des informations dont certaines sont qualifi\u00e9es de \u00ab\u00a0donn\u00e9es personnelles\u00a0\u00bb. Villa Filakia s\u2019engage \u00e0 ce que les traitements de donn\u00e9es personnelles soient conformes au R\u00e8glement G\u00e9n\u00e9ral sur la Protection des Donn\u00e9es (RGPD) et \u00e0 la loi Informatique [&hellip;]<\/p>\n","protected":false},"author":1,"featured_media":0,"parent":0,"menu_order":0,"comment_status":"closed","ping_status":"open","template":"","meta":{"_et_pb_use_builder":"on","_et_pb_old_content":"","_et_gb_content_width":"","_monsterinsights_skip_tracking":false,"_monsterinsights_sitenote_active":false,"_monsterinsights_sitenote_note":"","_monsterinsights_sitenote_category":0,"footnotes":""},"class_list":["post-930","page","type-page","status-publish","hentry"],"yoast_head":"<!-- This site is optimized with the Yoast SEO plugin v26.8 - https:\/\/yoast.com\/product\/yoast-seo-wordpress\/ -->\n<title>Politique de confidentialit\u00e9 - Villa Filakia<\/title>\n<meta name=\"robots\" content=\"index, follow, max-snippet:-1, max-image-preview:large, max-video-preview:-1\" \/>\n<link rel=\"canonical\" href=\"https:\/\/villa-filakia.com\/fr\/politique-de-confidentialite\/\" \/>\n<meta property=\"og:locale\" content=\"fr_FR\" \/>\n<meta property=\"og:type\" content=\"article\" \/>\n<meta property=\"og:title\" content=\"Politique de confidentialit\u00e9 - Villa Filakia\" \/>\n<meta property=\"og:description\" content=\"Politique de confidentialit\u00e9Dans le cadre de son activit\u00e9, Villa Filakia est amen\u00e9e \u00e0 collecter (apr\u00e8s consentement) et \u00e0 traiter des informations dont certaines sont qualifi\u00e9es de &quot;donn\u00e9es personnelles&quot;. Villa Filakia s\u2019engage \u00e0 ce que les traitements de donn\u00e9es personnelles soient conformes au R\u00e8glement G\u00e9n\u00e9ral sur la Protection des Donn\u00e9es (RGPD) et \u00e0 la loi Informatique [&hellip;]\" \/>\n<meta property=\"og:url\" content=\"https:\/\/villa-filakia.com\/fr\/politique-de-confidentialite\/\" \/>\n<meta property=\"og:site_name\" content=\"Villa Filakia\" \/>\n<meta property=\"article:modified_time\" content=\"2021-12-30T23:36:02+00:00\" \/>\n<meta name=\"twitter:card\" content=\"summary_large_image\" \/>\n<meta name=\"twitter:label1\" content=\"Dur\u00e9e de lecture estim\u00e9e\" \/>\n\t<meta name=\"twitter:data1\" content=\"4 minutes\" \/>\n<script type=\"application\/ld+json\" class=\"yoast-schema-graph\">{\"@context\":\"https:\/\/schema.org\",\"@graph\":[{\"@type\":\"WebPage\",\"@id\":\"https:\/\/villa-filakia.com\/fr\/politique-de-confidentialite\/\",\"url\":\"https:\/\/villa-filakia.com\/fr\/politique-de-confidentialite\/\",\"name\":\"Politique de confidentialit\u00e9 - Villa Filakia\",\"isPartOf\":{\"@id\":\"https:\/\/villa-filakia.com\/fr\/#website\"},\"datePublished\":\"2021-12-30T23:30:25+00:00\",\"dateModified\":\"2021-12-30T23:36:02+00:00\",\"breadcrumb\":{\"@id\":\"https:\/\/villa-filakia.com\/fr\/politique-de-confidentialite\/#breadcrumb\"},\"inLanguage\":\"fr-FR\",\"potentialAction\":[{\"@type\":\"ReadAction\",\"target\":[\"https:\/\/villa-filakia.com\/fr\/politique-de-confidentialite\/\"]}]},{\"@type\":\"BreadcrumbList\",\"@id\":\"https:\/\/villa-filakia.com\/fr\/politique-de-confidentialite\/#breadcrumb\",\"itemListElement\":[{\"@type\":\"ListItem\",\"position\":1,\"name\":\"Accueil\",\"item\":\"https:\/\/villa-filakia.com\/fr\/\"},{\"@type\":\"ListItem\",\"position\":2,\"name\":\"Politique de confidentialit\u00e9\"}]},{\"@type\":\"WebSite\",\"@id\":\"https:\/\/villa-filakia.com\/fr\/#website\",\"url\":\"https:\/\/villa-filakia.com\/fr\/\",\"name\":\"Villa Filakia\",\"description\":\"Villa Filakia, to rent in Kefalonia\",\"potentialAction\":[{\"@type\":\"SearchAction\",\"target\":{\"@type\":\"EntryPoint\",\"urlTemplate\":\"https:\/\/villa-filakia.com\/fr\/?s={search_term_string}\"},\"query-input\":{\"@type\":\"PropertyValueSpecification\",\"valueRequired\":true,\"valueName\":\"search_term_string\"}}],\"inLanguage\":\"fr-FR\"}]}<\/script>\n<!-- \/ Yoast SEO plugin. -->","yoast_head_json":{"title":"Politique de confidentialit\u00e9 - Villa Filakia","robots":{"index":"index","follow":"follow","max-snippet":"max-snippet:-1","max-image-preview":"max-image-preview:large","max-video-preview":"max-video-preview:-1"},"canonical":"https:\/\/villa-filakia.com\/fr\/politique-de-confidentialite\/","og_locale":"fr_FR","og_type":"article","og_title":"Politique de confidentialit\u00e9 - Villa Filakia","og_description":"Politique de confidentialit\u00e9Dans le cadre de son activit\u00e9, Villa Filakia est amen\u00e9e \u00e0 collecter (apr\u00e8s consentement) et \u00e0 traiter des informations dont certaines sont qualifi\u00e9es de \"donn\u00e9es personnelles\". Villa Filakia s\u2019engage \u00e0 ce que les traitements de donn\u00e9es personnelles soient conformes au R\u00e8glement G\u00e9n\u00e9ral sur la Protection des Donn\u00e9es (RGPD) et \u00e0 la loi Informatique [&hellip;]","og_url":"https:\/\/villa-filakia.com\/fr\/politique-de-confidentialite\/","og_site_name":"Villa Filakia","article_modified_time":"2021-12-30T23:36:02+00:00","twitter_card":"summary_large_image","twitter_misc":{"Dur\u00e9e de lecture estim\u00e9e":"4 minutes"},"schema":{"@context":"https:\/\/schema.org","@graph":[{"@type":"WebPage","@id":"https:\/\/villa-filakia.com\/fr\/politique-de-confidentialite\/","url":"https:\/\/villa-filakia.com\/fr\/politique-de-confidentialite\/","name":"Politique de confidentialit\u00e9 - Villa Filakia","isPartOf":{"@id":"https:\/\/villa-filakia.com\/fr\/#website"},"datePublished":"2021-12-30T23:30:25+00:00","dateModified":"2021-12-30T23:36:02+00:00","breadcrumb":{"@id":"https:\/\/villa-filakia.com\/fr\/politique-de-confidentialite\/#breadcrumb"},"inLanguage":"fr-FR","potentialAction":[{"@type":"ReadAction","target":["https:\/\/villa-filakia.com\/fr\/politique-de-confidentialite\/"]}]},{"@type":"BreadcrumbList","@id":"https:\/\/villa-filakia.com\/fr\/politique-de-confidentialite\/#breadcrumb","itemListElement":[{"@type":"ListItem","position":1,"name":"Accueil","item":"https:\/\/villa-filakia.com\/fr\/"},{"@type":"ListItem","position":2,"name":"Politique de confidentialit\u00e9"}]},{"@type":"WebSite","@id":"https:\/\/villa-filakia.com\/fr\/#website","url":"https:\/\/villa-filakia.com\/fr\/","name":"Villa Filakia","description":"Villa Filakia, to rent in Kefalonia","potentialAction":[{"@type":"SearchAction","target":{"@type":"EntryPoint","urlTemplate":"https:\/\/villa-filakia.com\/fr\/?s={search_term_string}"},"query-input":{"@type":"PropertyValueSpecification","valueRequired":true,"valueName":"search_term_string"}}],"inLanguage":"fr-FR"}]}},"jetpack_sharing_enabled":true,"_links":{"self":[{"href":"https:\/\/villa-filakia.com\/fr\/wp-json\/wp\/v2\/pages\/930","targetHints":{"allow":["GET"]}}],"collection":[{"href":"https:\/\/villa-filakia.com\/fr\/wp-json\/wp\/v2\/pages"}],"about":[{"href":"https:\/\/villa-filakia.com\/fr\/wp-json\/wp\/v2\/types\/page"}],"author":[{"embeddable":true,"href":"https:\/\/villa-filakia.com\/fr\/wp-json\/wp\/v2\/users\/1"}],"replies":[{"embeddable":true,"href":"https:\/\/villa-filakia.com\/fr\/wp-json\/wp\/v2\/comments?post=930"}],"version-history":[{"count":9,"href":"https:\/\/villa-filakia.com\/fr\/wp-json\/wp\/v2\/pages\/930\/revisions"}],"predecessor-version":[{"id":945,"href":"https:\/\/villa-filakia.com\/fr\/wp-json\/wp\/v2\/pages\/930\/revisions\/945"}],"wp:attachment":[{"href":"https:\/\/villa-filakia.com\/fr\/wp-json\/wp\/v2\/media?parent=930"}],"curies":[{"name":"wp","href":"https:\/\/api.w.org\/{rel}","templated":true}]}}