{"id":937,"date":"2021-12-31T00:35:30","date_gmt":"2021-12-30T23:35:30","guid":{"rendered":"https:\/\/villa-filakia.com\/vivre\/"},"modified":"2022-09-21T22:59:39","modified_gmt":"2022-09-21T20:59:39","slug":"vivre","status":"publish","type":"page","link":"https:\/\/villa-filakia.com\/fr\/vivre\/","title":{"rendered":"Vivre"},"content":{"rendered":"<p>[et_pb_section fb_built=\u00a0\u00bb1&Prime; _builder_version=\u00a0\u00bb4.16&Prime; _module_preset=\u00a0\u00bbdefault\u00a0\u00bb custom_padding=\u00a0\u00bb0px||0px||false|false\u00a0\u00bb global_colors_info=\u00a0\u00bb{}\u00a0\u00bb][et_pb_row _builder_version=\u00a0\u00bb4.16&Prime; _module_preset=\u00a0\u00bbdefault\u00a0\u00bb global_colors_info=\u00a0\u00bb{}\u00a0\u00bb][et_pb_column type=\u00a0\u00bb4_4&Prime; _builder_version=\u00a0\u00bb4.16&Prime; _module_preset=\u00a0\u00bbdefault\u00a0\u00bb global_colors_info=\u00a0\u00bb{}\u00a0\u00bb][et_pb_text _builder_version=\u00a0\u00bb4.16&Prime; _module_preset=\u00a0\u00bbdefault\u00a0\u00bb text_font=\u00a0\u00bb|300|||||||\u00a0\u00bb global_colors_info=\u00a0\u00bb{}\u00a0\u00bb]<\/p>\n<p>Apr\u00e8s quelques marches depuis le parking, le premier \u00e9tage accueille l&rsquo;entr\u00e9e principale de la villa et la zone de nuit avec 4 chambres \u00e0 coucher de haut niveau. Un escalier int\u00e9rieur vous invite \u00e0 acc\u00e9der au rez-de-chauss\u00e9e, o\u00f9 vous trouverez un grand salon avec une cuisine ouverte, spacieuse et enti\u00e8rement \u00e9quip\u00e9e avec un bar pour le petit-d\u00e9jeuner.<\/p>\n<p>Les immenses baies vitr\u00e9es du rez-de-chauss\u00e9e donnent sur l&rsquo;ext\u00e9rieur et ses deux terrasses. La premi\u00e8re est ombrag\u00e9e et dispose de deux coins repas, d&rsquo;un coin barbecue et d&rsquo;un immense banquette \u00e0 la marocaine pouvant accueillir plus de 20 personnes. La seconde est en plein air et m\u00e8ne \u00e0 l&rsquo;espace piscine et jacuzzi avec des chaises longues et des parasols en nombre suffisant. Ceux qui recherchent un peu plus de tranquillit\u00e9 seront heureux d&rsquo;aller se d\u00e9tendre sur la troisi\u00e8me terrasse, plus intime, en contrebas de la piscine avec un acc\u00e8s direct au jardin m\u00e9diterran\u00e9en.<\/p>\n<p>[\/et_pb_text][\/et_pb_column][\/et_pb_row][et_pb_row column_structure=\u00a0\u00bb1_2,1_2&Prime; use_custom_gutter=\u00a0\u00bbon\u00a0\u00bb gutter_width=\u00a0\u00bb2&Prime; make_equal=\u00a0\u00bbon\u00a0\u00bb _builder_version=\u00a0\u00bb4.16&Prime; _module_preset=\u00a0\u00bbdefault\u00a0\u00bb custom_padding=\u00a0\u00bb||||false|false\u00a0\u00bb global_colors_info=\u00a0\u00bb{}\u00a0\u00bb][et_pb_column type=\u00a0\u00bb1_2&Prime; _builder_version=\u00a0\u00bb4.16&Prime; _module_preset=\u00a0\u00bbdefault\u00a0\u00bb global_colors_info=\u00a0\u00bb{}\u00a0\u00bb][et_pb_image src=\u00a0\u00bbhttps:\/\/villa-filakia.com\/wp-content\/uploads\/2021\/12\/PAN03764-1-scaled.jpg\u00a0\u00bb title_text=\u00a0\u00bbDecorative\u00a0\u00bb _builder_version=\u00a0\u00bb4.18.0&Prime; _module_preset=\u00a0\u00bbdefault\u00a0\u00bb hover_enabled=\u00a0\u00bb0&Prime; global_colors_info=\u00a0\u00bb{}\u00a0\u00bb alt=\u00a0\u00bbDecorative animals in raffia\u00a0\u00bb sticky_enabled=\u00a0\u00bb0&Prime;][\/et_pb_image][\/et_pb_column][et_pb_column type=\u00a0\u00bb1_2&Prime; _builder_version=\u00a0\u00bb4.16&Prime; _module_preset=\u00a0\u00bbdefault\u00a0\u00bb global_colors_info=\u00a0\u00bb{}\u00a0\u00bb][et_pb_image src=\u00a0\u00bbhttps:\/\/villa-filakia.com\/wp-content\/uploads\/2021\/12\/20210923-PAN03625-1-scaled.jpg\u00a0\u00bb title_text=\u00a0\u00bbA kitchen with a view\u00a0\u00bb _builder_version=\u00a0\u00bb4.18.0&Prime; _module_preset=\u00a0\u00bbdefault\u00a0\u00bb hover_enabled=\u00a0\u00bb0&Prime; global_colors_info=\u00a0\u00bb{}\u00a0\u00bb alt=\u00a0\u00bbA kitchen with a view\u00a0\u00bb sticky_enabled=\u00a0\u00bb0&Prime;][\/et_pb_image][et_pb_image src=\u00a0\u00bbhttps:\/\/villa-filakia.com\/wp-content\/uploads\/2021\/12\/PAN03742-1-scaled.jpg\u00a0\u00bb title_text=\u00a0\u00bbcoffee table and driftwood\u00a0\u00bb _builder_version=\u00a0\u00bb4.18.0&Prime; _module_preset=\u00a0\u00bbdefault\u00a0\u00bb hover_enabled=\u00a0\u00bb0&Prime; global_colors_info=\u00a0\u00bb{}\u00a0\u00bb alt=\u00a0\u00bbcoffee table and driftwood\u00a0\u00bb sticky_enabled=\u00a0\u00bb0&Prime;][\/et_pb_image][\/et_pb_column][\/et_pb_row][et_pb_row _builder_version=\u00a0\u00bb4.16&Prime; _module_preset=\u00a0\u00bbdefault\u00a0\u00bb global_colors_info=\u00a0\u00bb{}\u00a0\u00bb][et_pb_column type=\u00a0\u00bb4_4&Prime; _builder_version=\u00a0\u00bb4.16&Prime; _module_preset=\u00a0\u00bbdefault\u00a0\u00bb global_colors_info=\u00a0\u00bb{}\u00a0\u00bb][et_pb_image src=\u00a0\u00bbhttps:\/\/villa-filakia.com\/wp-content\/uploads\/2021\/12\/20210923-PAN03683-1-scaled.jpg\u00a0\u00bb title_text=\u00a0\u00bbLounge area\u00a0\u00bb _builder_version=\u00a0\u00bb4.18.0&Prime; _module_preset=\u00a0\u00bbdefault\u00a0\u00bb hover_enabled=\u00a0\u00bb0&Prime; global_colors_info=\u00a0\u00bb{}\u00a0\u00bb alt=\u00a0\u00bbLounge area\u00a0\u00bb force_fullwidth=\u00a0\u00bbon\u00a0\u00bb sticky_enabled=\u00a0\u00bb0&Prime;][\/et_pb_image][\/et_pb_column][\/et_pb_row][et_pb_row column_structure=\u00a0\u00bb1_3,1_3,1_3&Prime; _builder_version=\u00a0\u00bb4.16&Prime; _module_preset=\u00a0\u00bbdefault\u00a0\u00bb global_colors_info=\u00a0\u00bb{}\u00a0\u00bb][et_pb_column type=\u00a0\u00bb1_3&Prime; _builder_version=\u00a0\u00bb4.16&Prime; _module_preset=\u00a0\u00bbdefault\u00a0\u00bb global_colors_info=\u00a0\u00bb{}\u00a0\u00bb][et_pb_image src=\u00a0\u00bbhttps:\/\/villa-filakia.com\/wp-content\/uploads\/2021\/12\/PAN03771-1-scaled.jpg\u00a0\u00bb title_text=\u00a0\u00bbSofa\u00a0\u00bb _builder_version=\u00a0\u00bb4.18.0&Prime; _module_preset=\u00a0\u00bbdefault\u00a0\u00bb hover_enabled=\u00a0\u00bb0&Prime; global_colors_info=\u00a0\u00bb{}\u00a0\u00bb alt=\u00a0\u00bbSofa\u00a0\u00bb sticky_enabled=\u00a0\u00bb0&Prime;][\/et_pb_image][\/et_pb_column][et_pb_column type=\u00a0\u00bb1_3&Prime; _builder_version=\u00a0\u00bb4.16&Prime; _module_preset=\u00a0\u00bbdefault\u00a0\u00bb global_colors_info=\u00a0\u00bb{}\u00a0\u00bb][et_pb_image src=\u00a0\u00bbhttps:\/\/villa-filakia.com\/wp-content\/uploads\/2021\/12\/PAN04283-1-scaled.jpg\u00a0\u00bb title_text=\u00a0\u00bbDining area\u00a0\u00bb _builder_version=\u00a0\u00bb4.18.0&Prime; _module_preset=\u00a0\u00bbdefault\u00a0\u00bb hover_enabled=\u00a0\u00bb0&Prime; global_colors_info=\u00a0\u00bb{}\u00a0\u00bb alt=\u00a0\u00bbDining area\u00a0\u00bb sticky_enabled=\u00a0\u00bb0&Prime;][\/et_pb_image][\/et_pb_column][et_pb_column type=\u00a0\u00bb1_3&Prime; _builder_version=\u00a0\u00bb4.16&Prime; _module_preset=\u00a0\u00bbdefault\u00a0\u00bb global_colors_info=\u00a0\u00bb{}\u00a0\u00bb][et_pb_image src=\u00a0\u00bbhttps:\/\/villa-filakia.com\/wp-content\/uploads\/2021\/12\/PAN03774-1-scaled.jpg\u00a0\u00bb title_text=\u00a0\u00bbDecorative console in the living room\u00a0\u00bb _builder_version=\u00a0\u00bb4.18.0&Prime; _module_preset=\u00a0\u00bbdefault\u00a0\u00bb hover_enabled=\u00a0\u00bb0&Prime; global_colors_info=\u00a0\u00bb{}\u00a0\u00bb alt=\u00a0\u00bbDecorative console in the living room\u00a0\u00bb sticky_enabled=\u00a0\u00bb0&Prime;][\/et_pb_image][\/et_pb_column][\/et_pb_row][et_pb_row _builder_version=\u00a0\u00bb4.16&Prime; _module_preset=\u00a0\u00bbdefault\u00a0\u00bb global_colors_info=\u00a0\u00bb{}\u00a0\u00bb][et_pb_column type=\u00a0\u00bb4_4&Prime; _builder_version=\u00a0\u00bb4.16&Prime; _module_preset=\u00a0\u00bbdefault\u00a0\u00bb global_colors_info=\u00a0\u00bb{}\u00a0\u00bb][et_pb_image src=\u00a0\u00bbhttps:\/\/villa-filakia.com\/wp-content\/uploads\/2021\/12\/PAN03641-1-scaled.jpg\u00a0\u00bb title_text=\u00a0\u00bbKitchen\u00a0\u00bb _builder_version=\u00a0\u00bb4.18.0&Prime; _module_preset=\u00a0\u00bbdefault\u00a0\u00bb hover_enabled=\u00a0\u00bb0&Prime; global_colors_info=\u00a0\u00bb{}\u00a0\u00bb alt=\u00a0\u00bbKitchen\u00a0\u00bb sticky_enabled=\u00a0\u00bb0&Prime; force_fullwidth=\u00a0\u00bbon\u00a0\u00bb][\/et_pb_image][\/et_pb_column][\/et_pb_row][\/et_pb_section]<\/p>\n","protected":false},"excerpt":{"rendered":"<p>Apr\u00e8s quelques marches depuis le parking, le premier \u00e9tage accueille l&rsquo;entr\u00e9e principale de la villa et la zone de nuit avec 4 chambres \u00e0 coucher de haut niveau. Un escalier int\u00e9rieur vous invite \u00e0 acc\u00e9der au rez-de-chauss\u00e9e, o\u00f9 vous trouverez un grand salon avec une cuisine ouverte, spacieuse et enti\u00e8rement \u00e9quip\u00e9e avec un bar pour [&hellip;]<\/p>\n","protected":false},"author":1,"featured_media":0,"parent":0,"menu_order":0,"comment_status":"closed","ping_status":"closed","template":"","meta":{"_et_pb_use_builder":"on","_et_pb_old_content":"","_et_gb_content_width":"","_monsterinsights_skip_tracking":false,"_monsterinsights_sitenote_active":false,"_monsterinsights_sitenote_note":"","_monsterinsights_sitenote_category":0,"footnotes":""},"class_list":["post-937","page","type-page","status-publish","hentry"],"yoast_head":"<!-- This site is optimized with the Yoast SEO plugin v26.8 - https:\/\/yoast.com\/product\/yoast-seo-wordpress\/ -->\n<title>Vivre - Villa Filakia<\/title>\n<meta name=\"robots\" content=\"index, follow, max-snippet:-1, max-image-preview:large, max-video-preview:-1\" \/>\n<link rel=\"canonical\" href=\"https:\/\/villa-filakia.com\/fr\/vivre\/\" \/>\n<meta property=\"og:locale\" content=\"fr_FR\" \/>\n<meta property=\"og:type\" content=\"article\" \/>\n<meta property=\"og:title\" content=\"Vivre - Villa Filakia\" \/>\n<meta property=\"og:description\" content=\"Apr\u00e8s quelques marches depuis le parking, le premier \u00e9tage accueille l&#039;entr\u00e9e principale de la villa et la zone de nuit avec 4 chambres \u00e0 coucher de haut niveau. Un escalier int\u00e9rieur vous invite \u00e0 acc\u00e9der au rez-de-chauss\u00e9e, o\u00f9 vous trouverez un grand salon avec une cuisine ouverte, spacieuse et enti\u00e8rement \u00e9quip\u00e9e avec un bar pour [&hellip;]\" \/>\n<meta property=\"og:url\" content=\"https:\/\/villa-filakia.com\/fr\/vivre\/\" \/>\n<meta property=\"og:site_name\" content=\"Villa Filakia\" \/>\n<meta property=\"article:modified_time\" content=\"2022-09-21T20:59:39+00:00\" \/>\n<meta name=\"twitter:card\" content=\"summary_large_image\" \/>\n<meta name=\"twitter:label1\" content=\"Dur\u00e9e de lecture estim\u00e9e\" \/>\n\t<meta name=\"twitter:data1\" content=\"4 minutes\" \/>\n<script type=\"application\/ld+json\" class=\"yoast-schema-graph\">{\"@context\":\"https:\/\/schema.org\",\"@graph\":[{\"@type\":\"WebPage\",\"@id\":\"https:\/\/villa-filakia.com\/fr\/vivre\/\",\"url\":\"https:\/\/villa-filakia.com\/fr\/vivre\/\",\"name\":\"Vivre - Villa Filakia\",\"isPartOf\":{\"@id\":\"https:\/\/villa-filakia.com\/fr\/#website\"},\"datePublished\":\"2021-12-30T23:35:30+00:00\",\"dateModified\":\"2022-09-21T20:59:39+00:00\",\"breadcrumb\":{\"@id\":\"https:\/\/villa-filakia.com\/fr\/vivre\/#breadcrumb\"},\"inLanguage\":\"fr-FR\",\"potentialAction\":[{\"@type\":\"ReadAction\",\"target\":[\"https:\/\/villa-filakia.com\/fr\/vivre\/\"]}]},{\"@type\":\"BreadcrumbList\",\"@id\":\"https:\/\/villa-filakia.com\/fr\/vivre\/#breadcrumb\",\"itemListElement\":[{\"@type\":\"ListItem\",\"position\":1,\"name\":\"Accueil\",\"item\":\"https:\/\/villa-filakia.com\/fr\/\"},{\"@type\":\"ListItem\",\"position\":2,\"name\":\"Vivre\"}]},{\"@type\":\"WebSite\",\"@id\":\"https:\/\/villa-filakia.com\/fr\/#website\",\"url\":\"https:\/\/villa-filakia.com\/fr\/\",\"name\":\"Villa Filakia\",\"description\":\"Villa Filakia, to rent in Kefalonia\",\"potentialAction\":[{\"@type\":\"SearchAction\",\"target\":{\"@type\":\"EntryPoint\",\"urlTemplate\":\"https:\/\/villa-filakia.com\/fr\/?s={search_term_string}\"},\"query-input\":{\"@type\":\"PropertyValueSpecification\",\"valueRequired\":true,\"valueName\":\"search_term_string\"}}],\"inLanguage\":\"fr-FR\"}]}<\/script>\n<!-- \/ Yoast SEO plugin. -->","yoast_head_json":{"title":"Vivre - Villa Filakia","robots":{"index":"index","follow":"follow","max-snippet":"max-snippet:-1","max-image-preview":"max-image-preview:large","max-video-preview":"max-video-preview:-1"},"canonical":"https:\/\/villa-filakia.com\/fr\/vivre\/","og_locale":"fr_FR","og_type":"article","og_title":"Vivre - Villa Filakia","og_description":"Apr\u00e8s quelques marches depuis le parking, le premier \u00e9tage accueille l'entr\u00e9e principale de la villa et la zone de nuit avec 4 chambres \u00e0 coucher de haut niveau. Un escalier int\u00e9rieur vous invite \u00e0 acc\u00e9der au rez-de-chauss\u00e9e, o\u00f9 vous trouverez un grand salon avec une cuisine ouverte, spacieuse et enti\u00e8rement \u00e9quip\u00e9e avec un bar pour [&hellip;]","og_url":"https:\/\/villa-filakia.com\/fr\/vivre\/","og_site_name":"Villa Filakia","article_modified_time":"2022-09-21T20:59:39+00:00","twitter_card":"summary_large_image","twitter_misc":{"Dur\u00e9e de lecture estim\u00e9e":"4 minutes"},"schema":{"@context":"https:\/\/schema.org","@graph":[{"@type":"WebPage","@id":"https:\/\/villa-filakia.com\/fr\/vivre\/","url":"https:\/\/villa-filakia.com\/fr\/vivre\/","name":"Vivre - Villa Filakia","isPartOf":{"@id":"https:\/\/villa-filakia.com\/fr\/#website"},"datePublished":"2021-12-30T23:35:30+00:00","dateModified":"2022-09-21T20:59:39+00:00","breadcrumb":{"@id":"https:\/\/villa-filakia.com\/fr\/vivre\/#breadcrumb"},"inLanguage":"fr-FR","potentialAction":[{"@type":"ReadAction","target":["https:\/\/villa-filakia.com\/fr\/vivre\/"]}]},{"@type":"BreadcrumbList","@id":"https:\/\/villa-filakia.com\/fr\/vivre\/#breadcrumb","itemListElement":[{"@type":"ListItem","position":1,"name":"Accueil","item":"https:\/\/villa-filakia.com\/fr\/"},{"@type":"ListItem","position":2,"name":"Vivre"}]},{"@type":"WebSite","@id":"https:\/\/villa-filakia.com\/fr\/#website","url":"https:\/\/villa-filakia.com\/fr\/","name":"Villa Filakia","description":"Villa Filakia, to rent in Kefalonia","potentialAction":[{"@type":"SearchAction","target":{"@type":"EntryPoint","urlTemplate":"https:\/\/villa-filakia.com\/fr\/?s={search_term_string}"},"query-input":{"@type":"PropertyValueSpecification","valueRequired":true,"valueName":"search_term_string"}}],"inLanguage":"fr-FR"}]}},"jetpack_sharing_enabled":true,"_links":{"self":[{"href":"https:\/\/villa-filakia.com\/fr\/wp-json\/wp\/v2\/pages\/937","targetHints":{"allow":["GET"]}}],"collection":[{"href":"https:\/\/villa-filakia.com\/fr\/wp-json\/wp\/v2\/pages"}],"about":[{"href":"https:\/\/villa-filakia.com\/fr\/wp-json\/wp\/v2\/types\/page"}],"author":[{"embeddable":true,"href":"https:\/\/villa-filakia.com\/fr\/wp-json\/wp\/v2\/users\/1"}],"replies":[{"embeddable":true,"href":"https:\/\/villa-filakia.com\/fr\/wp-json\/wp\/v2\/comments?post=937"}],"version-history":[{"count":12,"href":"https:\/\/villa-filakia.com\/fr\/wp-json\/wp\/v2\/pages\/937\/revisions"}],"predecessor-version":[{"id":1251,"href":"https:\/\/villa-filakia.com\/fr\/wp-json\/wp\/v2\/pages\/937\/revisions\/1251"}],"wp:attachment":[{"href":"https:\/\/villa-filakia.com\/fr\/wp-json\/wp\/v2\/media?parent=937"}],"curies":[{"name":"wp","href":"https:\/\/api.w.org\/{rel}","templated":true}]}}