{"id":952,"date":"2021-12-31T00:51:36","date_gmt":"2021-12-30T23:51:36","guid":{"rendered":"https:\/\/villa-filakia.com\/promenez-vous\/"},"modified":"2022-09-22T00:03:38","modified_gmt":"2022-09-21T22:03:38","slug":"promenez-vous","status":"publish","type":"page","link":"https:\/\/villa-filakia.com\/fr\/promenez-vous\/","title":{"rendered":"Promenez-vous"},"content":{"rendered":"<p>[et_pb_section fb_built=\u00a0\u00bb1&Prime; _builder_version=\u00a0\u00bb4.16&Prime; _module_preset=\u00a0\u00bbdefault\u00a0\u00bb global_colors_info=\u00a0\u00bb{}\u00a0\u00bb][et_pb_row _builder_version=\u00a0\u00bb4.16&Prime; _module_preset=\u00a0\u00bbdefault\u00a0\u00bb global_colors_info=\u00a0\u00bb{}\u00a0\u00bb][et_pb_column type=\u00a0\u00bb4_4&Prime; _builder_version=\u00a0\u00bb4.16&Prime; _module_preset=\u00a0\u00bbdefault\u00a0\u00bb global_colors_info=\u00a0\u00bb{}\u00a0\u00bb][et_pb_text _builder_version=\u00a0\u00bb4.16&Prime; _module_preset=\u00a0\u00bbdefault\u00a0\u00bb custom_margin=\u00a0\u00bb||-29px|||\u00a0\u00bb global_colors_info=\u00a0\u00bb{}\u00a0\u00bb]<\/p>\n<h2>Kefalonia , un des joyaux de la mer Ionienne.<\/h2>\n<p>[\/et_pb_text][\/et_pb_column][\/et_pb_row][et_pb_row column_structure=\u00a0\u00bb2_5,3_5&Prime; _builder_version=\u00a0\u00bb4.16&Prime; _module_preset=\u00a0\u00bbdefault\u00a0\u00bb global_colors_info=\u00a0\u00bb{}\u00a0\u00bb][et_pb_column type=\u00a0\u00bb2_5&Prime; _builder_version=\u00a0\u00bb4.16&Prime; _module_preset=\u00a0\u00bbdefault\u00a0\u00bb global_colors_info=\u00a0\u00bb{}\u00a0\u00bb][et_pb_text _builder_version=\u00a0\u00bb4.16&Prime; _module_preset=\u00a0\u00bbdefault\u00a0\u00bb text_font=\u00a0\u00bb|300|||||||\u00a0\u00bb custom_margin=\u00a0\u00bb||-7px|||\u00a0\u00bb custom_padding=\u00a0\u00bb120px|||||\u00a0\u00bb global_colors_info=\u00a0\u00bb{}\u00a0\u00bb]<\/p>\n<p>Id\u00e9alement situ\u00e9e dans le sud, la villa Filakia vous permettra de d\u00e9couvrir toutes les richesses et les merveilles de C\u00e9phalonie, une terre de contrastes, une \u00eele de beaut\u00e9 naturelle et \u00e0 la flore luxuriante.<br \/>Attir\u00e9s par ses plages dor\u00e9es et ses eaux cristallines, vous ne manquerez pas les sublimes plages de Mounda\/Kaminia et Skala, \u00e0 quelques encablures de la villa. Plus loin en voiture, vous serez charm\u00e9s par la beaut\u00e9 des plages de Myrtos, Antisamos, Pefani ou Fteri.<\/p>\n<p>[\/et_pb_text][\/et_pb_column][et_pb_column type=\u00a0\u00bb3_5&Prime; _builder_version=\u00a0\u00bb4.16&Prime; _module_preset=\u00a0\u00bbdefault\u00a0\u00bb global_colors_info=\u00a0\u00bb{}\u00a0\u00bb][et_pb_image src=\u00a0\u00bbhttps:\/\/villa-filakia.com\/wp-content\/uploads\/2022\/01\/IMG_2743.jpg\u00a0\u00bb title_text=\u00a0\u00bbIMG_2743&Prime; force_fullwidth=\u00a0\u00bbon\u00a0\u00bb _builder_version=\u00a0\u00bb4.18.0&Prime; _module_preset=\u00a0\u00bbdefault\u00a0\u00bb hover_enabled=\u00a0\u00bb0&Prime; global_colors_info=\u00a0\u00bb{}\u00a0\u00bb alt=\u00a0\u00bbMounda beach\u00a0\u00bb sticky_enabled=\u00a0\u00bb0&Prime;][\/et_pb_image][\/et_pb_column][\/et_pb_row][et_pb_row column_structure=\u00a0\u00bb3_5,2_5&Prime; _builder_version=\u00a0\u00bb4.16&Prime; _module_preset=\u00a0\u00bbdefault\u00a0\u00bb global_colors_info=\u00a0\u00bb{}\u00a0\u00bb][et_pb_column type=\u00a0\u00bb3_5&Prime; _builder_version=\u00a0\u00bb4.16&Prime; _module_preset=\u00a0\u00bbdefault\u00a0\u00bb global_colors_info=\u00a0\u00bb{}\u00a0\u00bb][et_pb_image src=\u00a0\u00bbhttps:\/\/villa-filakia.com\/wp-content\/uploads\/2021\/12\/IMG_5031-1-rotated.jpg\u00a0\u00bb title_text=\u00a0\u00bbIMG_5031&Prime; force_fullwidth=\u00a0\u00bbon\u00a0\u00bb _builder_version=\u00a0\u00bb4.16&Prime; _module_preset=\u00a0\u00bbdefault\u00a0\u00bb global_colors_info=\u00a0\u00bb{}\u00a0\u00bb][\/et_pb_image][\/et_pb_column][et_pb_column type=\u00a0\u00bb2_5&Prime; _builder_version=\u00a0\u00bb4.16&Prime; _module_preset=\u00a0\u00bbdefault\u00a0\u00bb global_colors_info=\u00a0\u00bb{}\u00a0\u00bb][et_pb_text _builder_version=\u00a0\u00bb4.16&Prime; _module_preset=\u00a0\u00bbdefault\u00a0\u00bb text_font=\u00a0\u00bb|300|||||||\u00a0\u00bb custom_padding=\u00a0\u00bb120px|||||\u00a0\u00bb global_colors_info=\u00a0\u00bb{}\u00a0\u00bb]<\/p>\n<p>Si vous recherchez les sports et les sensations fortes, vous aimerez explorer les sentiers du parc national du Mont Ainos, qui culmine \u00e0 1628m, vous promener le long du littoral sur les nombreux sentiers de randonn\u00e9e, faire de la plong\u00e9e libre et d\u00e9couvrir la flore aquatique des petites criques sauvages, pratiquer le kitesurf sur la plage de Mounda ou d\u00e9couvrir l&rsquo;une des 80 plages de l&rsquo;\u00eele en paddle.<\/p>\n<p>[\/et_pb_text][\/et_pb_column][\/et_pb_row][et_pb_row column_structure=\u00a0\u00bb2_5,3_5&Prime; _builder_version=\u00a0\u00bb4.16&Prime; _module_preset=\u00a0\u00bbdefault\u00a0\u00bb global_colors_info=\u00a0\u00bb{}\u00a0\u00bb][et_pb_column type=\u00a0\u00bb2_5&Prime; _builder_version=\u00a0\u00bb4.16&Prime; _module_preset=\u00a0\u00bbdefault\u00a0\u00bb global_colors_info=\u00a0\u00bb{}\u00a0\u00bb][et_pb_text _builder_version=\u00a0\u00bb4.16&Prime; _module_preset=\u00a0\u00bbdefault\u00a0\u00bb text_font=\u00a0\u00bb|300|||||||\u00a0\u00bb custom_padding=\u00a0\u00bb120px|||||\u00a0\u00bb global_colors_info=\u00a0\u00bb{}\u00a0\u00bb]<\/p>\n<p>\u00c0 la recherche de son patrimoine culturel, vous vous rendrez \u00e0 la forteresse de Saint-Georges, d\u00e9couvrirez les rites orthodoxes au monast\u00e8re de Saint-Gerasimos (le saint patron de l&rsquo;\u00eele), d\u00e9jeunerez dans le village color\u00e9 et intemporel d&rsquo;Assos, rechercherez la fra\u00eecheur des grottes de Melissani et de Drogaratis, fl\u00e2nerez dans la ville cosmopolite de Fiscardo ou r\u00eavasserez dans les nombreux villages pittoresques.<\/p>\n<p>&nbsp;<\/p>\n<p>[\/et_pb_text][\/et_pb_column][et_pb_column type=\u00a0\u00bb3_5&Prime; _builder_version=\u00a0\u00bb4.16&Prime; _module_preset=\u00a0\u00bbdefault\u00a0\u00bb global_colors_info=\u00a0\u00bb{}\u00a0\u00bb][et_pb_image src=\u00a0\u00bbhttps:\/\/villa-filakia.com\/wp-content\/uploads\/2022\/01\/7efbfc18-f3d1-4155-b2a1-9dd341feee61.jpg\u00a0\u00bb title_text=\u00a0\u00bb7efbfc18-f3d1-4155-b2a1-9dd341feee61&Prime; force_fullwidth=\u00a0\u00bbon\u00a0\u00bb _builder_version=\u00a0\u00bb4.18.0&Prime; _module_preset=\u00a0\u00bbdefault\u00a0\u00bb hover_enabled=\u00a0\u00bb0&Prime; global_colors_info=\u00a0\u00bb{}\u00a0\u00bb alt=\u00a0\u00bbmonastery of Saint Gerasimos\u00a0\u00bb sticky_enabled=\u00a0\u00bb0&Prime;][\/et_pb_image][\/et_pb_column][\/et_pb_row][et_pb_row column_structure=\u00a0\u00bb3_5,2_5&Prime; _builder_version=\u00a0\u00bb4.16&Prime; _module_preset=\u00a0\u00bbdefault\u00a0\u00bb global_colors_info=\u00a0\u00bb{}\u00a0\u00bb][et_pb_column type=\u00a0\u00bb3_5&Prime; _builder_version=\u00a0\u00bb4.16&Prime; _module_preset=\u00a0\u00bbdefault\u00a0\u00bb global_colors_info=\u00a0\u00bb{}\u00a0\u00bb][et_pb_image src=\u00a0\u00bbhttps:\/\/villa-filakia.com\/wp-content\/uploads\/2022\/01\/IMG_5413.jpg\u00a0\u00bb title_text=\u00a0\u00bbIMG_5413&Prime; force_fullwidth=\u00a0\u00bbon\u00a0\u00bb _builder_version=\u00a0\u00bb4.18.0&Prime; _module_preset=\u00a0\u00bbdefault\u00a0\u00bb hover_enabled=\u00a0\u00bb0&Prime; global_colors_info=\u00a0\u00bb{}\u00a0\u00bb alt=\u00a0\u00bbStreet view \u00a0\u00bb sticky_enabled=\u00a0\u00bb0&Prime;][\/et_pb_image][\/et_pb_column][et_pb_column type=\u00a0\u00bb2_5&Prime; _builder_version=\u00a0\u00bb4.16&Prime; _module_preset=\u00a0\u00bbdefault\u00a0\u00bb global_colors_info=\u00a0\u00bb{}\u00a0\u00bb][et_pb_text _builder_version=\u00a0\u00bb4.16&Prime; _module_preset=\u00a0\u00bbdefault\u00a0\u00bb text_font=\u00a0\u00bb|300|||||||\u00a0\u00bb custom_padding=\u00a0\u00bb120px|||||\u00a0\u00bb global_colors_info=\u00a0\u00bb{}\u00a0\u00bb]<\/p>\n<p>Les citadins ne seront pas en reste avec la capitale de l&rsquo;\u00eele Argostoli, les villes de Luxouri ou Sami qui offrent une vari\u00e9t\u00e9 de restaurants, de bars, de boutiques et de mus\u00e9es divers.<\/p>\n<p>Pour les plus aventureux, Kefalonia vous permettra \u00e9galement d&rsquo;explorer la mer Ionienne avec les \u00eeles de Zakynthos, Ithaca et Lefkada, situ\u00e9es \u00e0 quelques kilom\u00e8tres seulement en bateau. <\/p>\n<p>[\/et_pb_text][\/et_pb_column][\/et_pb_row][et_pb_row column_structure=\u00a0\u00bb2_5,3_5&Prime; _builder_version=\u00a0\u00bb4.16&Prime; _module_preset=\u00a0\u00bbdefault\u00a0\u00bb global_colors_info=\u00a0\u00bb{}\u00a0\u00bb][et_pb_column type=\u00a0\u00bb2_5&Prime; _builder_version=\u00a0\u00bb4.16&Prime; _module_preset=\u00a0\u00bbdefault\u00a0\u00bb global_colors_info=\u00a0\u00bb{}\u00a0\u00bb][et_pb_text _builder_version=\u00a0\u00bb4.16&Prime; _module_preset=\u00a0\u00bbdefault\u00a0\u00bb text_font=\u00a0\u00bb|300|||||||\u00a0\u00bb custom_padding=\u00a0\u00bb119px|||||\u00a0\u00bb global_colors_info=\u00a0\u00bb{}\u00a0\u00bb]<\/p>\n<ul>\n<li>Ville la plus proche : 3.5 km Skala<\/li>\n<li>Plage la plus proche : Kaminia \/ Mounda &#8211; 800m (chemin de terre) 2.2km (en voiture)<\/li>\n<li>Bar\/Restaurant le plus proche : 1 km Ratzakli \/ 3.5 kms Skala<\/li>\n<li>Boutique la plus proche: 3.5 km Skala<\/li>\n<li>A\u00e9roport : 35 kms\/45 mn<\/li>\n<li>39 km\/50 mn depuis Argostoli, la capitale<\/li>\n<li>12 km\/15 mn de Poros et d&rsquo;un ferry quotidien pour Kill\u00edni sur le continent.<\/li>\n<\/ul>\n<p>[\/et_pb_text][\/et_pb_column][et_pb_column type=\u00a0\u00bb3_5&Prime; _builder_version=\u00a0\u00bb4.16&Prime; _module_preset=\u00a0\u00bbdefault\u00a0\u00bb global_colors_info=\u00a0\u00bb{}\u00a0\u00bb][et_pb_image src=\u00a0\u00bbhttps:\/\/villa-filakia.com\/wp-content\/uploads\/2022\/09\/IMG_5416-rotated.jpg\u00a0\u00bb title_text=\u00a0\u00bbIMG_5416&Prime; force_fullwidth=\u00a0\u00bbon\u00a0\u00bb _builder_version=\u00a0\u00bb4.18.0&Prime; _module_preset=\u00a0\u00bbdefault\u00a0\u00bb hover_enabled=\u00a0\u00bb0&Prime; global_colors_info=\u00a0\u00bb{}\u00a0\u00bb sticky_enabled=\u00a0\u00bb0&Prime;][\/et_pb_image][\/et_pb_column][\/et_pb_row][\/et_pb_section]<\/p>\n","protected":false},"excerpt":{"rendered":"<p>Kefalonia , un des joyaux de la mer Ionienne.Id\u00e9alement situ\u00e9e dans le sud, la villa Filakia vous permettra de d\u00e9couvrir toutes les richesses et les merveilles de C\u00e9phalonie, une terre de contrastes, une \u00eele de beaut\u00e9 naturelle et \u00e0 la flore luxuriante.Attir\u00e9s par ses plages dor\u00e9es et ses eaux cristallines, vous ne manquerez pas les [&hellip;]<\/p>\n","protected":false},"author":1,"featured_media":0,"parent":0,"menu_order":0,"comment_status":"closed","ping_status":"closed","template":"","meta":{"_et_pb_use_builder":"on","_et_pb_old_content":"","_et_gb_content_width":"","_monsterinsights_skip_tracking":false,"_monsterinsights_sitenote_active":false,"_monsterinsights_sitenote_note":"","_monsterinsights_sitenote_category":0,"footnotes":""},"class_list":["post-952","page","type-page","status-publish","hentry"],"yoast_head":"<!-- This site is optimized with the Yoast SEO plugin v26.8 - https:\/\/yoast.com\/product\/yoast-seo-wordpress\/ -->\n<title>Promenez-vous - Villa Filakia<\/title>\n<meta name=\"robots\" content=\"index, follow, max-snippet:-1, max-image-preview:large, max-video-preview:-1\" \/>\n<link rel=\"canonical\" href=\"https:\/\/villa-filakia.com\/fr\/promenez-vous\/\" \/>\n<meta property=\"og:locale\" content=\"fr_FR\" \/>\n<meta property=\"og:type\" content=\"article\" \/>\n<meta property=\"og:title\" content=\"Promenez-vous - Villa Filakia\" \/>\n<meta property=\"og:description\" content=\"Kefalonia , un des joyaux de la mer Ionienne.Id\u00e9alement situ\u00e9e dans le sud, la villa Filakia vous permettra de d\u00e9couvrir toutes les richesses et les merveilles de C\u00e9phalonie, une terre de contrastes, une \u00eele de beaut\u00e9 naturelle et \u00e0 la flore luxuriante.Attir\u00e9s par ses plages dor\u00e9es et ses eaux cristallines, vous ne manquerez pas les [&hellip;]\" \/>\n<meta property=\"og:url\" content=\"https:\/\/villa-filakia.com\/fr\/promenez-vous\/\" \/>\n<meta property=\"og:site_name\" content=\"Villa Filakia\" \/>\n<meta property=\"article:modified_time\" content=\"2022-09-21T22:03:38+00:00\" \/>\n<meta name=\"twitter:card\" content=\"summary_large_image\" \/>\n<meta name=\"twitter:label1\" content=\"Dur\u00e9e de lecture estim\u00e9e\" \/>\n\t<meta name=\"twitter:data1\" content=\"5 minutes\" \/>\n<script type=\"application\/ld+json\" class=\"yoast-schema-graph\">{\"@context\":\"https:\/\/schema.org\",\"@graph\":[{\"@type\":\"WebPage\",\"@id\":\"https:\/\/villa-filakia.com\/fr\/promenez-vous\/\",\"url\":\"https:\/\/villa-filakia.com\/fr\/promenez-vous\/\",\"name\":\"Promenez-vous - Villa Filakia\",\"isPartOf\":{\"@id\":\"https:\/\/villa-filakia.com\/fr\/#website\"},\"datePublished\":\"2021-12-30T23:51:36+00:00\",\"dateModified\":\"2022-09-21T22:03:38+00:00\",\"breadcrumb\":{\"@id\":\"https:\/\/villa-filakia.com\/fr\/promenez-vous\/#breadcrumb\"},\"inLanguage\":\"fr-FR\",\"potentialAction\":[{\"@type\":\"ReadAction\",\"target\":[\"https:\/\/villa-filakia.com\/fr\/promenez-vous\/\"]}]},{\"@type\":\"BreadcrumbList\",\"@id\":\"https:\/\/villa-filakia.com\/fr\/promenez-vous\/#breadcrumb\",\"itemListElement\":[{\"@type\":\"ListItem\",\"position\":1,\"name\":\"Accueil\",\"item\":\"https:\/\/villa-filakia.com\/fr\/\"},{\"@type\":\"ListItem\",\"position\":2,\"name\":\"Promenez-vous\"}]},{\"@type\":\"WebSite\",\"@id\":\"https:\/\/villa-filakia.com\/fr\/#website\",\"url\":\"https:\/\/villa-filakia.com\/fr\/\",\"name\":\"Villa Filakia\",\"description\":\"Villa Filakia, to rent in Kefalonia\",\"potentialAction\":[{\"@type\":\"SearchAction\",\"target\":{\"@type\":\"EntryPoint\",\"urlTemplate\":\"https:\/\/villa-filakia.com\/fr\/?s={search_term_string}\"},\"query-input\":{\"@type\":\"PropertyValueSpecification\",\"valueRequired\":true,\"valueName\":\"search_term_string\"}}],\"inLanguage\":\"fr-FR\"}]}<\/script>\n<!-- \/ Yoast SEO plugin. -->","yoast_head_json":{"title":"Promenez-vous - Villa Filakia","robots":{"index":"index","follow":"follow","max-snippet":"max-snippet:-1","max-image-preview":"max-image-preview:large","max-video-preview":"max-video-preview:-1"},"canonical":"https:\/\/villa-filakia.com\/fr\/promenez-vous\/","og_locale":"fr_FR","og_type":"article","og_title":"Promenez-vous - Villa Filakia","og_description":"Kefalonia , un des joyaux de la mer Ionienne.Id\u00e9alement situ\u00e9e dans le sud, la villa Filakia vous permettra de d\u00e9couvrir toutes les richesses et les merveilles de C\u00e9phalonie, une terre de contrastes, une \u00eele de beaut\u00e9 naturelle et \u00e0 la flore luxuriante.Attir\u00e9s par ses plages dor\u00e9es et ses eaux cristallines, vous ne manquerez pas les [&hellip;]","og_url":"https:\/\/villa-filakia.com\/fr\/promenez-vous\/","og_site_name":"Villa Filakia","article_modified_time":"2022-09-21T22:03:38+00:00","twitter_card":"summary_large_image","twitter_misc":{"Dur\u00e9e de lecture estim\u00e9e":"5 minutes"},"schema":{"@context":"https:\/\/schema.org","@graph":[{"@type":"WebPage","@id":"https:\/\/villa-filakia.com\/fr\/promenez-vous\/","url":"https:\/\/villa-filakia.com\/fr\/promenez-vous\/","name":"Promenez-vous - Villa Filakia","isPartOf":{"@id":"https:\/\/villa-filakia.com\/fr\/#website"},"datePublished":"2021-12-30T23:51:36+00:00","dateModified":"2022-09-21T22:03:38+00:00","breadcrumb":{"@id":"https:\/\/villa-filakia.com\/fr\/promenez-vous\/#breadcrumb"},"inLanguage":"fr-FR","potentialAction":[{"@type":"ReadAction","target":["https:\/\/villa-filakia.com\/fr\/promenez-vous\/"]}]},{"@type":"BreadcrumbList","@id":"https:\/\/villa-filakia.com\/fr\/promenez-vous\/#breadcrumb","itemListElement":[{"@type":"ListItem","position":1,"name":"Accueil","item":"https:\/\/villa-filakia.com\/fr\/"},{"@type":"ListItem","position":2,"name":"Promenez-vous"}]},{"@type":"WebSite","@id":"https:\/\/villa-filakia.com\/fr\/#website","url":"https:\/\/villa-filakia.com\/fr\/","name":"Villa Filakia","description":"Villa Filakia, to rent in Kefalonia","potentialAction":[{"@type":"SearchAction","target":{"@type":"EntryPoint","urlTemplate":"https:\/\/villa-filakia.com\/fr\/?s={search_term_string}"},"query-input":{"@type":"PropertyValueSpecification","valueRequired":true,"valueName":"search_term_string"}}],"inLanguage":"fr-FR"}]}},"jetpack_sharing_enabled":true,"_links":{"self":[{"href":"https:\/\/villa-filakia.com\/fr\/wp-json\/wp\/v2\/pages\/952","targetHints":{"allow":["GET"]}}],"collection":[{"href":"https:\/\/villa-filakia.com\/fr\/wp-json\/wp\/v2\/pages"}],"about":[{"href":"https:\/\/villa-filakia.com\/fr\/wp-json\/wp\/v2\/types\/page"}],"author":[{"embeddable":true,"href":"https:\/\/villa-filakia.com\/fr\/wp-json\/wp\/v2\/users\/1"}],"replies":[{"embeddable":true,"href":"https:\/\/villa-filakia.com\/fr\/wp-json\/wp\/v2\/comments?post=952"}],"version-history":[{"count":15,"href":"https:\/\/villa-filakia.com\/fr\/wp-json\/wp\/v2\/pages\/952\/revisions"}],"predecessor-version":[{"id":1257,"href":"https:\/\/villa-filakia.com\/fr\/wp-json\/wp\/v2\/pages\/952\/revisions\/1257"}],"wp:attachment":[{"href":"https:\/\/villa-filakia.com\/fr\/wp-json\/wp\/v2\/media?parent=952"}],"curies":[{"name":"wp","href":"https:\/\/api.w.org\/{rel}","templated":true}]}}