{"id":959,"date":"2021-12-31T01:03:16","date_gmt":"2021-12-31T00:03:16","guid":{"rendered":"https:\/\/villa-filakia.com\/mentions-legales\/"},"modified":"2021-12-31T01:03:17","modified_gmt":"2021-12-31T00:03:17","slug":"mentions-legales","status":"publish","type":"page","link":"https:\/\/villa-filakia.com\/fr\/mentions-legales\/","title":{"rendered":"Mentions l\u00e9gales"},"content":{"rendered":"<p>[et_pb_section fb_built=\u00a0\u00bb1&Prime; theme_builder_area=\u00a0\u00bbpost_content\u00a0\u00bb _builder_version=\u00a0\u00bb4.13.1&Prime; _module_preset=\u00a0\u00bbdefault\u00a0\u00bb][et_pb_row _builder_version=\u00a0\u00bb4.13.1&Prime; _module_preset=\u00a0\u00bbdefault\u00a0\u00bb theme_builder_area=\u00a0\u00bbpost_content\u00a0\u00bb][et_pb_column _builder_version=\u00a0\u00bb4.13.1&Prime; _module_preset=\u00a0\u00bbdefault\u00a0\u00bb type=\u00a0\u00bb4_4&Prime; theme_builder_area=\u00a0\u00bbpost_content\u00a0\u00bb][et_pb_text _builder_version=\u00a0\u00bb4.13.1&Prime; _module_preset=\u00a0\u00bbdefault\u00a0\u00bb theme_builder_area=\u00a0\u00bbpost_content\u00a0\u00bb header_font=\u00a0\u00bb|||on|||||\u00a0\u00bb hover_enabled=\u00a0\u00bb0&Prime; sticky_enabled=\u00a0\u00bb0&Prime;]<\/p>\n<h1>Mentions l\u00e9gales<\/h1>\n<p>[\/et_pb_text][et_pb_text _builder_version=\u00a0\u00bb4.13.1&Prime; _module_preset=\u00a0\u00bbdefault\u00a0\u00bb theme_builder_area=\u00a0\u00bbpost_content\u00a0\u00bb hover_enabled=\u00a0\u00bb0&Prime; sticky_enabled=\u00a0\u00bb0&Prime;]<\/p>\n<p>Conform\u00e9ment aux dispositions des articles 6-III et 19 de la loi n\u00b02004-575 du 21 juin 2004 pour la confiance dans l&rsquo;\u00e9conomie num\u00e9rique, dite L.C.E.N., la pr\u00e9sente notice l\u00e9gale est port\u00e9e \u00e0 la connaissance des Utilisateurs du site <a href=\"https:\/\/www.villa-filakia.com\">https:\/\/www.villa-filakia.com<\/a>.<\/p>\n<p>La connexion et la navigation de l&rsquo;Utilisateur sur le site <a href=\"https:\/\/www.villa-filakia.com\">https:\/\/www.villa-filakia.com<\/a> implique l&rsquo;acceptation enti\u00e8re et sans r\u00e9serve de la pr\u00e9sente notice l\u00e9gale.<\/p>\n<p>EDITION<br \/>La r\u00e9daction et la direction de la publication du site <a href=\"https:\/\/www.villa-filakia.com\">https:\/\/www.villa-filakia.com<\/a> sont assur\u00e9s par Villa Filakia:<\/p>\n<p>Directeur de publication: Villa Filakia<br \/>E-mail : contact@villa-filakia.com<br \/>Le site a \u00e9t\u00e9 con\u00e7u par la soci\u00e9t\u00e9 <a href=\"https:\/\/roseetverte.com\">Rose et Verte<\/a> et le shooting photo r\u00e9alis\u00e9 par Panagis Kavallieratos.<\/p>\n<p>HEBERGEMENT<br \/>Le site <a href=\"https:\/\/www.villa-filakia.com\">https:\/\/www.villa-filakia.com<\/a> est h\u00e9berg\u00e9 par GANDI:<\/p>\n<p>SAS au capital de 2 300 000 \u20ac enregistr\u00e9e au RCS DE PARIS sous le n\u00b0 423 093 459<br \/>Si\u00e8ge social : 63-65 Boulevard Massena 75008 PARIS<br \/>Telephone : 01 70 37 76 61<\/p>\n<p>ACCES AU SITE<br \/>Le site est accessible de n&rsquo;importe quel endroit, 7 jours sur 7, 24 heures sur 24, sauf en cas de force majeure, d&rsquo;interruption programm\u00e9e ou non programm\u00e9e pour des raisons de maintenance. En cas de modification, d&rsquo;interruption ou de suspension des services, le site https:\/\/www.villa-filakia.com ne peut \u00eatre tenu pour responsable.<\/p>\n<p>PROPRI\u00c9T\u00c9 INTELLECTUELLE<br \/>Tous les \u00e9l\u00e9ments du site <a href=\"https:\/\/www.villa-filakia.com\">https:\/\/www.villa-filakia.com<\/a> restent la propri\u00e9t\u00e9 exclusive de villa filakia et sont prot\u00e9g\u00e9s par le droit de la propri\u00e9t\u00e9 intellectuelle.<\/p>\n<p>Toute utilisation, reproduction, diffusion ou commercialisation de tout ou partie du site sans l&rsquo;autorisation de l&rsquo;\u00c9diteur est interdite et pourra donner lieu \u00e0 des actions et poursuites judiciaires conform\u00e9ment aux dispositions du Code de la propri\u00e9t\u00e9 intellectuelle et du Code civil.<\/p>\n<p>[\/et_pb_text][\/et_pb_column][\/et_pb_row][\/et_pb_section]<\/p>\n","protected":false},"excerpt":{"rendered":"<p>Mentions l\u00e9galesConform\u00e9ment aux dispositions des articles 6-III et 19 de la loi n\u00b02004-575 du 21 juin 2004 pour la confiance dans l&rsquo;\u00e9conomie num\u00e9rique, dite L.C.E.N., la pr\u00e9sente notice l\u00e9gale est port\u00e9e \u00e0 la connaissance des Utilisateurs du site https:\/\/www.villa-filakia.com. La connexion et la navigation de l&rsquo;Utilisateur sur le site https:\/\/www.villa-filakia.com implique l&rsquo;acceptation enti\u00e8re et sans [&hellip;]<\/p>\n","protected":false},"author":1,"featured_media":0,"parent":0,"menu_order":0,"comment_status":"closed","ping_status":"closed","template":"","meta":{"_et_pb_use_builder":"on","_et_pb_old_content":"","_et_gb_content_width":"","_monsterinsights_skip_tracking":false,"_monsterinsights_sitenote_active":false,"_monsterinsights_sitenote_note":"","_monsterinsights_sitenote_category":0,"footnotes":""},"class_list":["post-959","page","type-page","status-publish","hentry"],"yoast_head":"<!-- This site is optimized with the Yoast SEO plugin v26.8 - https:\/\/yoast.com\/product\/yoast-seo-wordpress\/ -->\n<title>Mentions l\u00e9gales - Villa Filakia<\/title>\n<meta name=\"robots\" content=\"index, follow, max-snippet:-1, max-image-preview:large, max-video-preview:-1\" \/>\n<link rel=\"canonical\" href=\"https:\/\/villa-filakia.com\/fr\/mentions-legales\/\" \/>\n<meta property=\"og:locale\" content=\"fr_FR\" \/>\n<meta property=\"og:type\" content=\"article\" \/>\n<meta property=\"og:title\" content=\"Mentions l\u00e9gales - Villa Filakia\" \/>\n<meta property=\"og:description\" content=\"Mentions l\u00e9galesConform\u00e9ment aux dispositions des articles 6-III et 19 de la loi n\u00b02004-575 du 21 juin 2004 pour la confiance dans l&#039;\u00e9conomie num\u00e9rique, dite L.C.E.N., la pr\u00e9sente notice l\u00e9gale est port\u00e9e \u00e0 la connaissance des Utilisateurs du site https:\/\/www.villa-filakia.com. La connexion et la navigation de l&#039;Utilisateur sur le site https:\/\/www.villa-filakia.com implique l&#039;acceptation enti\u00e8re et sans [&hellip;]\" \/>\n<meta property=\"og:url\" content=\"https:\/\/villa-filakia.com\/fr\/mentions-legales\/\" \/>\n<meta property=\"og:site_name\" content=\"Villa Filakia\" \/>\n<meta property=\"article:modified_time\" content=\"2021-12-31T00:03:17+00:00\" \/>\n<meta name=\"twitter:card\" content=\"summary_large_image\" \/>\n<meta name=\"twitter:label1\" content=\"Dur\u00e9e de lecture estim\u00e9e\" \/>\n\t<meta name=\"twitter:data1\" content=\"2 minutes\" \/>\n<script type=\"application\/ld+json\" class=\"yoast-schema-graph\">{\"@context\":\"https:\/\/schema.org\",\"@graph\":[{\"@type\":\"WebPage\",\"@id\":\"https:\/\/villa-filakia.com\/fr\/mentions-legales\/\",\"url\":\"https:\/\/villa-filakia.com\/fr\/mentions-legales\/\",\"name\":\"Mentions l\u00e9gales - Villa Filakia\",\"isPartOf\":{\"@id\":\"https:\/\/villa-filakia.com\/fr\/#website\"},\"datePublished\":\"2021-12-31T00:03:16+00:00\",\"dateModified\":\"2021-12-31T00:03:17+00:00\",\"breadcrumb\":{\"@id\":\"https:\/\/villa-filakia.com\/fr\/mentions-legales\/#breadcrumb\"},\"inLanguage\":\"fr-FR\",\"potentialAction\":[{\"@type\":\"ReadAction\",\"target\":[\"https:\/\/villa-filakia.com\/fr\/mentions-legales\/\"]}]},{\"@type\":\"BreadcrumbList\",\"@id\":\"https:\/\/villa-filakia.com\/fr\/mentions-legales\/#breadcrumb\",\"itemListElement\":[{\"@type\":\"ListItem\",\"position\":1,\"name\":\"Accueil\",\"item\":\"https:\/\/villa-filakia.com\/fr\/\"},{\"@type\":\"ListItem\",\"position\":2,\"name\":\"Mentions l\u00e9gales\"}]},{\"@type\":\"WebSite\",\"@id\":\"https:\/\/villa-filakia.com\/fr\/#website\",\"url\":\"https:\/\/villa-filakia.com\/fr\/\",\"name\":\"Villa Filakia\",\"description\":\"Villa Filakia, to rent in Kefalonia\",\"potentialAction\":[{\"@type\":\"SearchAction\",\"target\":{\"@type\":\"EntryPoint\",\"urlTemplate\":\"https:\/\/villa-filakia.com\/fr\/?s={search_term_string}\"},\"query-input\":{\"@type\":\"PropertyValueSpecification\",\"valueRequired\":true,\"valueName\":\"search_term_string\"}}],\"inLanguage\":\"fr-FR\"}]}<\/script>\n<!-- \/ Yoast SEO plugin. -->","yoast_head_json":{"title":"Mentions l\u00e9gales - Villa Filakia","robots":{"index":"index","follow":"follow","max-snippet":"max-snippet:-1","max-image-preview":"max-image-preview:large","max-video-preview":"max-video-preview:-1"},"canonical":"https:\/\/villa-filakia.com\/fr\/mentions-legales\/","og_locale":"fr_FR","og_type":"article","og_title":"Mentions l\u00e9gales - Villa Filakia","og_description":"Mentions l\u00e9galesConform\u00e9ment aux dispositions des articles 6-III et 19 de la loi n\u00b02004-575 du 21 juin 2004 pour la confiance dans l'\u00e9conomie num\u00e9rique, dite L.C.E.N., la pr\u00e9sente notice l\u00e9gale est port\u00e9e \u00e0 la connaissance des Utilisateurs du site https:\/\/www.villa-filakia.com. La connexion et la navigation de l'Utilisateur sur le site https:\/\/www.villa-filakia.com implique l'acceptation enti\u00e8re et sans [&hellip;]","og_url":"https:\/\/villa-filakia.com\/fr\/mentions-legales\/","og_site_name":"Villa Filakia","article_modified_time":"2021-12-31T00:03:17+00:00","twitter_card":"summary_large_image","twitter_misc":{"Dur\u00e9e de lecture estim\u00e9e":"2 minutes"},"schema":{"@context":"https:\/\/schema.org","@graph":[{"@type":"WebPage","@id":"https:\/\/villa-filakia.com\/fr\/mentions-legales\/","url":"https:\/\/villa-filakia.com\/fr\/mentions-legales\/","name":"Mentions l\u00e9gales - Villa Filakia","isPartOf":{"@id":"https:\/\/villa-filakia.com\/fr\/#website"},"datePublished":"2021-12-31T00:03:16+00:00","dateModified":"2021-12-31T00:03:17+00:00","breadcrumb":{"@id":"https:\/\/villa-filakia.com\/fr\/mentions-legales\/#breadcrumb"},"inLanguage":"fr-FR","potentialAction":[{"@type":"ReadAction","target":["https:\/\/villa-filakia.com\/fr\/mentions-legales\/"]}]},{"@type":"BreadcrumbList","@id":"https:\/\/villa-filakia.com\/fr\/mentions-legales\/#breadcrumb","itemListElement":[{"@type":"ListItem","position":1,"name":"Accueil","item":"https:\/\/villa-filakia.com\/fr\/"},{"@type":"ListItem","position":2,"name":"Mentions l\u00e9gales"}]},{"@type":"WebSite","@id":"https:\/\/villa-filakia.com\/fr\/#website","url":"https:\/\/villa-filakia.com\/fr\/","name":"Villa Filakia","description":"Villa Filakia, to rent in Kefalonia","potentialAction":[{"@type":"SearchAction","target":{"@type":"EntryPoint","urlTemplate":"https:\/\/villa-filakia.com\/fr\/?s={search_term_string}"},"query-input":{"@type":"PropertyValueSpecification","valueRequired":true,"valueName":"search_term_string"}}],"inLanguage":"fr-FR"}]}},"jetpack_sharing_enabled":true,"_links":{"self":[{"href":"https:\/\/villa-filakia.com\/fr\/wp-json\/wp\/v2\/pages\/959","targetHints":{"allow":["GET"]}}],"collection":[{"href":"https:\/\/villa-filakia.com\/fr\/wp-json\/wp\/v2\/pages"}],"about":[{"href":"https:\/\/villa-filakia.com\/fr\/wp-json\/wp\/v2\/types\/page"}],"author":[{"embeddable":true,"href":"https:\/\/villa-filakia.com\/fr\/wp-json\/wp\/v2\/users\/1"}],"replies":[{"embeddable":true,"href":"https:\/\/villa-filakia.com\/fr\/wp-json\/wp\/v2\/comments?post=959"}],"version-history":[{"count":2,"href":"https:\/\/villa-filakia.com\/fr\/wp-json\/wp\/v2\/pages\/959\/revisions"}],"predecessor-version":[{"id":961,"href":"https:\/\/villa-filakia.com\/fr\/wp-json\/wp\/v2\/pages\/959\/revisions\/961"}],"wp:attachment":[{"href":"https:\/\/villa-filakia.com\/fr\/wp-json\/wp\/v2\/media?parent=959"}],"curies":[{"name":"wp","href":"https:\/\/api.w.org\/{rel}","templated":true}]}}